{"id":11545,"date":"2026-01-08T14:24:12","date_gmt":"2026-01-08T14:24:12","guid":{"rendered":"https:\/\/aurodia.de\/?page_id=11545"},"modified":"2026-02-05T14:42:20","modified_gmt":"2026-02-05T14:42:20","slug":"imprint","status":"publish","type":"page","link":"https:\/\/aurodia.de\/en\/imprint\/","title":{"rendered":"Imprint"},"content":{"rendered":"<div data-elementor-type=\"wp-page\" data-elementor-id=\"11545\" class=\"elementor elementor-11545\" data-elementor-post-type=\"page\">\n\t\t\t\t<div class=\"elementor-element elementor-element-ddb248c e-flex e-con-boxed e-con e-parent\" data-id=\"ddb248c\" data-element_type=\"container\" data-e-type=\"container\">\n\t\t\t\t\t<div class=\"e-con-inner\">\n\t\t\t\t<div class=\"elementor-element elementor-element-424e7b5 elementor-widget elementor-widget-text-editor\" data-id=\"424e7b5\" data-element_type=\"widget\" data-e-type=\"widget\" data-widget_type=\"text-editor.default\">\n\t\t\t\t\t\t\t\t\t<p><strong>Imprint<\/strong><br \/>This legal notice applies to all offers under the domain\u00a0www.aurodia.de.<\/p><p>Information pursuant to Section 5 DDG<\/p><p>Company:<br \/>Aurodia UG (haftungsbeschr\u00e4nkt)<\/p><p>Address:<br \/>Saarbr\u00fccker Str. 13<br \/>10405 Berlin<br \/>Germany<\/p><p>Telephone \/ WhatsApp:<br \/>0172-6271699<br \/><br \/><\/p><p>E-Mail:<br \/>info@aurodia.de<\/p><p>Represented by:<br \/>Zahi Alawi, Managing Director<\/p><p>Company register entry:<br \/>Register court: Local Court (Amtsgericht) Berlin-Charlottenburg<br \/>Commercial register number: HRB 282209 B<\/p><p>Responsible for content pursuant to Section 18 (2) MStV:<br \/>Zahi Alawi<\/p>\t\t\t\t\t\t\t\t<\/div>\n\t\t\t\t\t<\/div>\n\t\t\t\t<\/div>\n\t\t\t\t<\/div>","protected":false},"excerpt":{"rendered":"<p>ImpressumDieses Impressum gilt f\u00fcr alle Angebote unter der Domain www.aurodia.de. Angaben gem\u00e4\u00df \u00a7 5 DDG Firma:Aurodia UG (haftungsbeschr\u00e4nkt) Anschrift:Saarbr\u00fccker Str. 1310405 BerlinDeutschland Telefon \/ WhatsApp:0172-6271699 E-Mail:info@aurodia.de Vertreten durch:Zahi Alawi, Gesch\u00e4ftsf\u00fchrer Registereintrag:Registergericht: Amtsgericht Berlin-CharlottenburgHandelsregisternummer: HRB 282209 B Verantwortlich f\u00fcr den Inhalt nach \u00a7 18 Abs. 2 MStV:Zahi Alawi<\/p>","protected":false},"author":1,"featured_media":0,"parent":0,"menu_order":0,"comment_status":"closed","ping_status":"closed","template":"","meta":{"_acf_changed":false,"_surecart_dashboard_logo_width":"180px","_surecart_dashboard_show_logo":true,"_surecart_dashboard_navigation_orders":true,"_surecart_dashboard_navigation_invoices":true,"_surecart_dashboard_navigation_subscriptions":true,"_surecart_dashboard_navigation_downloads":true,"_surecart_dashboard_navigation_billing":true,"_surecart_dashboard_navigation_account":true,"postBodyCss":"","postBodyMargin":[],"postBodyPadding":[],"postBodyBackground":{"backgroundType":"classic","gradient":""},"site-sidebar-layout":"no-sidebar","site-content-layout":"page-builder","ast-site-content-layout":"full-width-container","site-content-style":"default","site-sidebar-style":"default","ast-global-header-display":"","ast-banner-title-visibility":"","ast-main-header-display":"","ast-hfb-above-header-display":"","ast-hfb-below-header-display":"","ast-hfb-mobile-header-display":"","site-post-title":"","ast-breadcrumbs-content":"","ast-featured-img":"disabled","footer-sml-layout":"","ast-disable-related-posts":"","theme-transparent-header-meta":"","adv-header-id-meta":"","stick-header-meta":"","header-above-stick-meta":"","header-main-stick-meta":"","header-below-stick-meta":"","astra-migrate-meta-layouts":"set","ast-page-background-enabled":"default","ast-page-background-meta":{"desktop":{"background-color":"","background-image":"","background-repeat":"repeat","background-position":"center center","background-size":"auto","background-attachment":"scroll","background-type":"","background-media":"","overlay-type":"","overlay-color":"","overlay-opacity":"","overlay-gradient":""},"tablet":{"background-color":"","background-image":"","background-repeat":"repeat","background-position":"center center","background-size":"auto","background-attachment":"scroll","background-type":"","background-media":"","overlay-type":"","overlay-color":"","overlay-opacity":"","overlay-gradient":""},"mobile":{"background-color":"","background-image":"","background-repeat":"repeat","background-position":"center center","background-size":"auto","background-attachment":"scroll","background-type":"","background-media":"","overlay-type":"","overlay-color":"","overlay-opacity":"","overlay-gradient":""}},"ast-content-background-meta":{"desktop":{"background-color":"var(--ast-global-color-5)","background-image":"","background-repeat":"repeat","background-position":"center center","background-size":"auto","background-attachment":"scroll","background-type":"","background-media":"","overlay-type":"","overlay-color":"","overlay-opacity":"","overlay-gradient":""},"tablet":{"background-color":"var(--ast-global-color-5)","background-image":"","background-repeat":"repeat","background-position":"center center","background-size":"auto","background-attachment":"scroll","background-type":"","background-media":"","overlay-type":"","overlay-color":"","overlay-opacity":"","overlay-gradient":""},"mobile":{"background-color":"var(--ast-global-color-5)","background-image":"","background-repeat":"repeat","background-position":"center center","background-size":"auto","background-attachment":"scroll","background-type":"","background-media":"","overlay-type":"","overlay-color":"","overlay-opacity":"","overlay-gradient":""}},"footnotes":""},"class_list":["post-11545","page","type-page","status-publish","hentry"],"acf":[],"_hostinger_reach_plugin_has_subscription_block":false,"_hostinger_reach_plugin_is_elementor":false,"_links":{"self":[{"href":"https:\/\/aurodia.de\/en\/wp-json\/wp\/v2\/pages\/11545","targetHints":{"allow":["GET"]}}],"collection":[{"href":"https:\/\/aurodia.de\/en\/wp-json\/wp\/v2\/pages"}],"about":[{"href":"https:\/\/aurodia.de\/en\/wp-json\/wp\/v2\/types\/page"}],"author":[{"embeddable":true,"href":"https:\/\/aurodia.de\/en\/wp-json\/wp\/v2\/users\/1"}],"replies":[{"embeddable":true,"href":"https:\/\/aurodia.de\/en\/wp-json\/wp\/v2\/comments?post=11545"}],"version-history":[{"count":10,"href":"https:\/\/aurodia.de\/en\/wp-json\/wp\/v2\/pages\/11545\/revisions"}],"predecessor-version":[{"id":15746,"href":"https:\/\/aurodia.de\/en\/wp-json\/wp\/v2\/pages\/11545\/revisions\/15746"}],"wp:attachment":[{"href":"https:\/\/aurodia.de\/en\/wp-json\/wp\/v2\/media?parent=11545"}],"curies":[{"name":"wp","href":"https:\/\/api.w.org\/{rel}","templated":true}]}}