{"id":15780,"date":"2026-02-05T18:16:39","date_gmt":"2026-02-05T18:16:39","guid":{"rendered":"https:\/\/aurodia.de\/?page_id=15780"},"modified":"2026-02-05T18:22:44","modified_gmt":"2026-02-05T18:22:44","slug":"returns-withdrawal","status":"publish","type":"page","link":"https:\/\/aurodia.de\/en\/returns-withdrawal\/","title":{"rendered":"Returns Withdrawal"},"content":{"rendered":"<div data-elementor-type=\"wp-page\" data-elementor-id=\"15780\" class=\"elementor elementor-15780\" data-elementor-post-type=\"page\">\n\t\t\t\t<div class=\"elementor-element elementor-element-8080d17 e-flex e-con-boxed e-con e-parent\" data-id=\"8080d17\" data-element_type=\"container\" data-e-type=\"container\">\n\t\t\t\t\t<div class=\"e-con-inner\">\n\t\t\t\t<div class=\"elementor-element elementor-element-17d9e14 elementor-widget elementor-widget-text-editor\" data-id=\"17d9e14\" data-element_type=\"widget\" data-e-type=\"widget\" data-widget_type=\"text-editor.default\">\n\t\t\t\t\t\t\t\t\t<p><strong>Returns &amp; Withdrawal<\/strong><\/p><p><strong>Return of Items<\/strong><br \/>If you wish to return an item purchased from us, please inform us by email within 14 days of receiving the goods.<br \/>E-Mail: info@aurodia.de<br \/>After notifying us, you have a further 14 days to return the goods to us.<br \/><strong>Return Address<\/strong><br \/>Aurodia UG (haftungsbeschr\u00e4nkt)<br \/>Saarbr\u00fccker Str. 13<br \/>10405 Berlin<br \/>Germany<\/p><p><strong>Return Shipping Costs<\/strong><br \/>The customer shall bear the costs of returning the goods, unless otherwise agreed.<\/p><p>Right of Withdrawal<br \/>Returns are made within the scope of the statutory right of withdrawal. Full information on deadlines and legal consequences can be found in our Terms and Conditions (\u00a7 3 Right of Withdrawal).<\/p><p><strong>Complaints&amp;Contact<\/strong><br \/>If you have any complaints or questions, please contact us by email at info@aurodia.de.<br \/>Further contact options can be found on our website under \u201cContact Us\u201d.<\/p>\t\t\t\t\t\t\t\t<\/div>\n\t\t\t\t\t<\/div>\n\t\t\t\t<\/div>\n\t\t\t\t<\/div>","protected":false},"excerpt":{"rendered":"<p>R\u00fccksendung &amp; Widerruf R\u00fccksendung von ArtikelnWenn Sie einen bei uns gekauften Artikel zur\u00fcckgeben m\u00f6chten, bitten wir Sie, uns innerhalb von 14 Tagen nach Erhalt der Ware per E-Mail dar\u00fcber zu informieren.E-Mail: info@aurodia.deNach Ihrer Mitteilung haben Sie weitere 14 Tage Zeit, die Ware an uns zur\u00fcckzusenden.R\u00fccksendeadresseAurodia UG (haftungsbeschr\u00e4nkt)Saarbr\u00fccker Str. 1310405 BerlinDeutschland Kosten der R\u00fccksendungDie Kosten der [&hellip;]<\/p>\n","protected":false},"author":1,"featured_media":0,"parent":0,"menu_order":0,"comment_status":"closed","ping_status":"closed","template":"","meta":{"_acf_changed":false,"_surecart_dashboard_logo_width":"180px","_surecart_dashboard_show_logo":true,"_surecart_dashboard_navigation_orders":true,"_surecart_dashboard_navigation_invoices":true,"_surecart_dashboard_navigation_subscriptions":true,"_surecart_dashboard_navigation_downloads":true,"_surecart_dashboard_navigation_billing":true,"_surecart_dashboard_navigation_account":true,"postBodyCss":"","postBodyMargin":[],"postBodyPadding":[],"postBodyBackground":{"backgroundType":"classic","gradient":""},"site-sidebar-layout":"no-sidebar","site-content-layout":"page-builder","ast-site-content-layout":"full-width-container","site-content-style":"default","site-sidebar-style":"default","ast-global-header-display":"","ast-banner-title-visibility":"","ast-main-header-display":"","ast-hfb-above-header-display":"","ast-hfb-below-header-display":"","ast-hfb-mobile-header-display":"","site-post-title":"","ast-breadcrumbs-content":"","ast-featured-img":"disabled","footer-sml-layout":"","ast-disable-related-posts":"","theme-transparent-header-meta":"","adv-header-id-meta":"","stick-header-meta":"","header-above-stick-meta":"","header-main-stick-meta":"","header-below-stick-meta":"","astra-migrate-meta-layouts":"set","ast-page-background-enabled":"default","ast-page-background-meta":{"desktop":{"background-color":"","background-image":"","background-repeat":"repeat","background-position":"center center","background-size":"auto","background-attachment":"scroll","background-type":"","background-media":"","overlay-type":"","overlay-color":"","overlay-opacity":"","overlay-gradient":""},"tablet":{"background-color":"","background-image":"","background-repeat":"repeat","background-position":"center center","background-size":"auto","background-attachment":"scroll","background-type":"","background-media":"","overlay-type":"","overlay-color":"","overlay-opacity":"","overlay-gradient":""},"mobile":{"background-color":"","background-image":"","background-repeat":"repeat","background-position":"center center","background-size":"auto","background-attachment":"scroll","background-type":"","background-media":"","overlay-type":"","overlay-color":"","overlay-opacity":"","overlay-gradient":""}},"ast-content-background-meta":{"desktop":{"background-color":"var(--ast-global-color-5)","background-image":"","background-repeat":"repeat","background-position":"center center","background-size":"auto","background-attachment":"scroll","background-type":"","background-media":"","overlay-type":"","overlay-color":"","overlay-opacity":"","overlay-gradient":""},"tablet":{"background-color":"var(--ast-global-color-5)","background-image":"","background-repeat":"repeat","background-position":"center center","background-size":"auto","background-attachment":"scroll","background-type":"","background-media":"","overlay-type":"","overlay-color":"","overlay-opacity":"","overlay-gradient":""},"mobile":{"background-color":"var(--ast-global-color-5)","background-image":"","background-repeat":"repeat","background-position":"center center","background-size":"auto","background-attachment":"scroll","background-type":"","background-media":"","overlay-type":"","overlay-color":"","overlay-opacity":"","overlay-gradient":""}},"footnotes":""},"class_list":["post-15780","page","type-page","status-publish","hentry"],"acf":[],"_hostinger_reach_plugin_has_subscription_block":false,"_hostinger_reach_plugin_is_elementor":false,"_links":{"self":[{"href":"https:\/\/aurodia.de\/en\/wp-json\/wp\/v2\/pages\/15780","targetHints":{"allow":["GET"]}}],"collection":[{"href":"https:\/\/aurodia.de\/en\/wp-json\/wp\/v2\/pages"}],"about":[{"href":"https:\/\/aurodia.de\/en\/wp-json\/wp\/v2\/types\/page"}],"author":[{"embeddable":true,"href":"https:\/\/aurodia.de\/en\/wp-json\/wp\/v2\/users\/1"}],"replies":[{"embeddable":true,"href":"https:\/\/aurodia.de\/en\/wp-json\/wp\/v2\/comments?post=15780"}],"version-history":[{"count":4,"href":"https:\/\/aurodia.de\/en\/wp-json\/wp\/v2\/pages\/15780\/revisions"}],"predecessor-version":[{"id":15785,"href":"https:\/\/aurodia.de\/en\/wp-json\/wp\/v2\/pages\/15780\/revisions\/15785"}],"wp:attachment":[{"href":"https:\/\/aurodia.de\/en\/wp-json\/wp\/v2\/media?parent=15780"}],"curies":[{"name":"wp","href":"https:\/\/api.w.org\/{rel}","templated":true}]}}