{"id":7903,"date":"2025-12-10T12:40:12","date_gmt":"2025-12-10T12:40:12","guid":{"rendered":"https:\/\/aurodia.de\/?page_id=7903"},"modified":"2026-03-14T18:44:53","modified_gmt":"2026-03-14T18:44:53","slug":"about","status":"publish","type":"page","link":"https:\/\/aurodia.de\/en\/about\/","title":{"rendered":"About"},"content":{"rendered":"<div data-elementor-type=\"wp-page\" data-elementor-id=\"7903\" class=\"elementor elementor-7903\" data-elementor-post-type=\"page\">\n\t\t\t\t<div class=\"elementor-element elementor-element-b44951f e-flex e-con-boxed e-con e-parent\" data-id=\"b44951f\" data-element_type=\"container\" data-e-type=\"container\">\n\t\t\t\t\t<div class=\"e-con-inner\">\n\t\t<div class=\"elementor-element elementor-element-d09cce2 e-con-full e-flex e-con e-child\" data-id=\"d09cce2\" data-element_type=\"container\" data-e-type=\"container\">\n\t\t<div class=\"elementor-element elementor-element-581c6b0 e-con-full e-flex e-con e-child\" data-id=\"581c6b0\" data-element_type=\"container\" data-e-type=\"container\">\n\t\t<div class=\"elementor-element elementor-element-e9e4c2b e-con-full e-flex e-con e-child\" data-id=\"e9e4c2b\" data-element_type=\"container\" data-e-type=\"container\">\n\t\t\t\t<div class=\"elementor-element elementor-element-46a76de elementor-widget elementor-widget-heading\" data-id=\"46a76de\" data-element_type=\"widget\" data-e-type=\"widget\" data-widget_type=\"heading.default\">\n\t\t\t\t\t<h1 class=\"elementor-heading-title elementor-size-default\">About Us<\/h1>\t\t\t\t<\/div>\n\t\t\t\t<div class=\"elementor-element elementor-element-aa99f80 elementor-widget elementor-widget-heading\" data-id=\"aa99f80\" data-element_type=\"widget\" data-e-type=\"widget\" data-widget_type=\"heading.default\">\n\t\t\t\t\t<p class=\"elementor-heading-title elementor-size-default\">Aurodia \u2014 Where Elegance Finds Its Glow At Aurodia, we believe jewelry is more than something you wear \u2014\n\u2028 it is a silent language that expresses\nwho you are, reflects your presence, and accompanies you through your everyday moments and your most\nspecial occasions. Aurodia was founded on a simple idea:\u2028everyone deserves a piece that adds a unique glow \u2014 felt from within before seen from the outside.<\/p>\t\t\t\t<\/div>\n\t\t\t\t<\/div>\n\t\t\t\t<\/div>\n\t\t<div class=\"elementor-element elementor-element-a784749 e-con-full e-flex e-con e-child\" data-id=\"a784749\" data-element_type=\"container\" data-e-type=\"container\">\n\t\t\t\t<div class=\"elementor-element elementor-element-f4c39df elementor-widget__width-inherit elementor-widget elementor-widget-image\" data-id=\"f4c39df\" data-element_type=\"widget\" data-e-type=\"widget\" data-widget_type=\"image.default\">\n\t\t\t\t\t\t\t\t\t\t\t\t\t\t\t<img fetchpriority=\"high\" decoding=\"async\" width=\"736\" height=\"1103\" src=\"https:\/\/aurodia.de\/wp-content\/uploads\/2026\/01\/b80604020881388e1e94b532a746e73d3750bc9e.png\" class=\"attachment-full size-full wp-image-13771\" alt=\"b80604020881388e1e94b532a746e73d3750bc9e \u2013 Aurodia\" srcset=\"https:\/\/aurodia.de\/wp-content\/uploads\/2026\/01\/b80604020881388e1e94b532a746e73d3750bc9e.png 736w, https:\/\/aurodia.de\/wp-content\/uploads\/2026\/01\/b80604020881388e1e94b532a746e73d3750bc9e-200x300.png 200w, https:\/\/aurodia.de\/wp-content\/uploads\/2026\/01\/b80604020881388e1e94b532a746e73d3750bc9e-683x1024.png 683w, https:\/\/aurodia.de\/wp-content\/uploads\/2026\/01\/b80604020881388e1e94b532a746e73d3750bc9e-8x12.png 8w, https:\/\/aurodia.de\/wp-content\/uploads\/2026\/01\/b80604020881388e1e94b532a746e73d3750bc9e-600x899.png 600w\" sizes=\"(max-width: 736px) 100vw, 736px\" \/>\t\t\t\t\t\t\t\t\t\t\t\t\t\t\t<\/div>\n\t\t\t\t<\/div>\n\t\t\t\t<\/div>\n\t\t\t\t\t<\/div>\n\t\t\t\t<\/div>\n\t\t<div class=\"elementor-element elementor-element-15a1fc2 e-flex e-con-boxed e-con e-parent\" data-id=\"15a1fc2\" data-element_type=\"container\" data-e-type=\"container\">\n\t\t\t\t\t<div class=\"e-con-inner\">\n\t\t<div class=\"elementor-element elementor-element-c459c44 e-con-full e-flex e-con e-child\" data-id=\"c459c44\" data-element_type=\"container\" data-e-type=\"container\">\n\t\t\t\t<div class=\"elementor-element elementor-element-db212a1 elementor-widget__width-inherit elementor-widget elementor-widget-image\" data-id=\"db212a1\" data-element_type=\"widget\" data-e-type=\"widget\" data-widget_type=\"image.default\">\n\t\t\t\t\t\t\t\t\t\t\t\t\t\t\t<img decoding=\"async\" width=\"736\" height=\"1104\" src=\"https:\/\/aurodia.de\/wp-content\/uploads\/2026\/01\/d3093768416e1ee29f67e775e85f0e78223b56df-1.png\" class=\"attachment-full size-full wp-image-13775\" alt=\"d3093768416e1ee29f67e775e85f0e78223b56df (1) \u2013 Aurodia\" srcset=\"https:\/\/aurodia.de\/wp-content\/uploads\/2026\/01\/d3093768416e1ee29f67e775e85f0e78223b56df-1.png 736w, https:\/\/aurodia.de\/wp-content\/uploads\/2026\/01\/d3093768416e1ee29f67e775e85f0e78223b56df-1-200x300.png 200w, https:\/\/aurodia.de\/wp-content\/uploads\/2026\/01\/d3093768416e1ee29f67e775e85f0e78223b56df-1-683x1024.png 683w, https:\/\/aurodia.de\/wp-content\/uploads\/2026\/01\/d3093768416e1ee29f67e775e85f0e78223b56df-1-8x12.png 8w, https:\/\/aurodia.de\/wp-content\/uploads\/2026\/01\/d3093768416e1ee29f67e775e85f0e78223b56df-1-600x900.png 600w\" sizes=\"(max-width: 736px) 100vw, 736px\" \/>\t\t\t\t\t\t\t\t\t\t\t\t\t\t\t<\/div>\n\t\t\t\t<\/div>\n\t\t\t\t\t<\/div>\n\t\t\t\t<\/div>\n\t\t<div class=\"elementor-element elementor-element-06a2bf6 e-flex e-con-boxed e-con e-parent\" data-id=\"06a2bf6\" data-element_type=\"container\" data-e-type=\"container\">\n\t\t\t\t\t<div class=\"e-con-inner\">\n\t\t<div class=\"elementor-element elementor-element-c8fa534 e-con-full e-flex e-con e-child\" data-id=\"c8fa534\" data-element_type=\"container\" data-e-type=\"container\">\n\t\t\t\t<div class=\"elementor-element elementor-element-9caa58a elementor-widget__width-inherit elementor-widget elementor-widget-image\" data-id=\"9caa58a\" data-element_type=\"widget\" data-e-type=\"widget\" data-widget_type=\"image.default\">\n\t\t\t\t\t\t\t\t\t\t\t\t\t\t\t<img decoding=\"async\" width=\"749\" height=\"1124\" src=\"https:\/\/aurodia.de\/wp-content\/uploads\/2026\/01\/8257da5b48c72ce426a25dab079fb029bb7b9b26.png\" class=\"attachment-full size-full wp-image-13779\" alt=\"8257da5b48c72ce426a25dab079fb029bb7b9b26 \u2013 Aurodia\" srcset=\"https:\/\/aurodia.de\/wp-content\/uploads\/2026\/01\/8257da5b48c72ce426a25dab079fb029bb7b9b26.png 749w, https:\/\/aurodia.de\/wp-content\/uploads\/2026\/01\/8257da5b48c72ce426a25dab079fb029bb7b9b26-200x300.png 200w, https:\/\/aurodia.de\/wp-content\/uploads\/2026\/01\/8257da5b48c72ce426a25dab079fb029bb7b9b26-682x1024.png 682w, https:\/\/aurodia.de\/wp-content\/uploads\/2026\/01\/8257da5b48c72ce426a25dab079fb029bb7b9b26-8x12.png 8w, https:\/\/aurodia.de\/wp-content\/uploads\/2026\/01\/8257da5b48c72ce426a25dab079fb029bb7b9b26-600x900.png 600w\" sizes=\"(max-width: 749px) 100vw, 749px\" \/>\t\t\t\t\t\t\t\t\t\t\t\t\t\t\t<\/div>\n\t\t\t\t<\/div>\n\t\t<div class=\"elementor-element elementor-element-e236556 e-con-full e-flex e-con e-child\" data-id=\"e236556\" data-element_type=\"container\" data-e-type=\"container\">\n\t\t<div class=\"elementor-element elementor-element-09ab30e e-con-full e-flex e-con e-child\" data-id=\"09ab30e\" data-element_type=\"container\" data-e-type=\"container\">\n\t\t\t\t<div class=\"elementor-element elementor-element-6533131 elementor-widget elementor-widget-heading\" data-id=\"6533131\" data-element_type=\"widget\" data-e-type=\"widget\" data-widget_type=\"heading.default\">\n\t\t\t\t\t<h1 class=\"elementor-heading-title elementor-size-default\">Our Vision<\/h1>\t\t\t\t<\/div>\n\t\t\t\t<div class=\"elementor-element elementor-element-c1929f5 elementor-widget elementor-widget-heading\" data-id=\"c1929f5\" data-element_type=\"widget\" data-e-type=\"widget\" data-widget_type=\"heading.default\">\n\t\t\t\t\t<p class=\"elementor-heading-title elementor-size-default translation-block\">To create a modern, elegant, and soul-connected jewelry experience that blends refined style with contemporary design \u2014 made for both women and men.<\/p>\t\t\t\t<\/div>\n\t\t\t\t<\/div>\n\t\t\t\t<\/div>\n\t\t\t\t\t<\/div>\n\t\t\t\t<\/div>\n\t\t<div class=\"elementor-element elementor-element-4aa4cbc e-flex e-con-boxed e-con e-parent\" data-id=\"4aa4cbc\" data-element_type=\"container\" data-e-type=\"container\">\n\t\t\t\t\t<div class=\"e-con-inner\">\n\t\t\t\t<div class=\"elementor-element elementor-element-60d0368 elementor-widget__width-inherit elementor-widget elementor-widget-image\" data-id=\"60d0368\" data-element_type=\"widget\" data-e-type=\"widget\" data-widget_type=\"image.default\">\n\t\t\t\t\t\t\t\t\t\t\t\t\t\t\t<img loading=\"lazy\" decoding=\"async\" width=\"736\" height=\"1104\" src=\"https:\/\/aurodia.de\/wp-content\/uploads\/2026\/01\/a59eeac9b5e924584a08084320ab6fd4c41e4b31.png\" class=\"attachment-full size-full wp-image-13783\" alt=\"a59eeac9b5e924584a08084320ab6fd4c41e4b31 \u2013 Aurodia\" srcset=\"https:\/\/aurodia.de\/wp-content\/uploads\/2026\/01\/a59eeac9b5e924584a08084320ab6fd4c41e4b31.png 736w, https:\/\/aurodia.de\/wp-content\/uploads\/2026\/01\/a59eeac9b5e924584a08084320ab6fd4c41e4b31-200x300.png 200w, https:\/\/aurodia.de\/wp-content\/uploads\/2026\/01\/a59eeac9b5e924584a08084320ab6fd4c41e4b31-683x1024.png 683w, https:\/\/aurodia.de\/wp-content\/uploads\/2026\/01\/a59eeac9b5e924584a08084320ab6fd4c41e4b31-8x12.png 8w, https:\/\/aurodia.de\/wp-content\/uploads\/2026\/01\/a59eeac9b5e924584a08084320ab6fd4c41e4b31-600x900.png 600w\" sizes=\"(max-width: 736px) 100vw, 736px\" \/>\t\t\t\t\t\t\t\t\t\t\t\t\t\t\t<\/div>\n\t\t\t\t\t<\/div>\n\t\t\t\t<\/div>\n\t\t<div class=\"elementor-element elementor-element-5ec0eee e-flex e-con-boxed e-con e-parent\" data-id=\"5ec0eee\" data-element_type=\"container\" data-e-type=\"container\">\n\t\t\t\t\t<div class=\"e-con-inner\">\n\t\t<div class=\"elementor-element elementor-element-9b73f91 e-con-full e-flex e-con e-child\" data-id=\"9b73f91\" data-element_type=\"container\" data-e-type=\"container\">\n\t\t<div class=\"elementor-element elementor-element-994a18b e-con-full e-flex e-con e-child\" data-id=\"994a18b\" data-element_type=\"container\" data-e-type=\"container\">\n\t\t<div class=\"elementor-element elementor-element-39a72e7 e-con-full e-flex e-con e-child\" data-id=\"39a72e7\" data-element_type=\"container\" data-e-type=\"container\">\n\t\t\t\t<div class=\"elementor-element elementor-element-7003cda elementor-widget elementor-widget-heading\" data-id=\"7003cda\" data-element_type=\"widget\" data-e-type=\"widget\" data-widget_type=\"heading.default\">\n\t\t\t\t\t<h1 class=\"elementor-heading-title elementor-size-default\">Why Aurodia?<\/h1>\t\t\t\t<\/div>\n\t\t\t\t<div class=\"elementor-element elementor-element-f2aedd7 elementor-widget elementor-widget-heading\" data-id=\"f2aedd7\" data-element_type=\"widget\" data-e-type=\"widget\" data-widget_type=\"heading.default\">\n\t\t\t\t\t<p class=\"elementor-heading-title elementor-size-default translation-block\">Jewelry for every day and every occasion<br><br> Designs that reflect your personality<br> <br> High quality at accessible prices<br><br> Customer support that stays with you every step<br><br> Luxurious packaging that adds magic to every order<\/p>\t\t\t\t<\/div>\n\t\t\t\t<\/div>\n\t\t\t\t<\/div>\n\t\t<div class=\"elementor-element elementor-element-8ec7d41 e-con-full e-flex e-con e-child\" data-id=\"8ec7d41\" data-element_type=\"container\" data-e-type=\"container\">\n\t\t\t\t<div class=\"elementor-element elementor-element-59bb4c4 elementor-widget__width-inherit elementor-widget elementor-widget-image\" data-id=\"59bb4c4\" data-element_type=\"widget\" data-e-type=\"widget\" data-widget_type=\"image.default\">\n\t\t\t\t\t\t\t\t\t\t\t\t\t\t\t<img loading=\"lazy\" decoding=\"async\" width=\"736\" height=\"920\" src=\"https:\/\/aurodia.de\/wp-content\/uploads\/2026\/01\/b1d13b8fb0344b13d767092de1fd63c194304916.png\" class=\"attachment-full size-full wp-image-13787\" alt=\"b1d13b8fb0344b13d767092de1fd63c194304916 \u2013 Aurodia\" srcset=\"https:\/\/aurodia.de\/wp-content\/uploads\/2026\/01\/b1d13b8fb0344b13d767092de1fd63c194304916.png 736w, https:\/\/aurodia.de\/wp-content\/uploads\/2026\/01\/b1d13b8fb0344b13d767092de1fd63c194304916-240x300.png 240w, https:\/\/aurodia.de\/wp-content\/uploads\/2026\/01\/b1d13b8fb0344b13d767092de1fd63c194304916-10x12.png 10w, https:\/\/aurodia.de\/wp-content\/uploads\/2026\/01\/b1d13b8fb0344b13d767092de1fd63c194304916-600x750.png 600w\" sizes=\"(max-width: 736px) 100vw, 736px\" \/>\t\t\t\t\t\t\t\t\t\t\t\t\t\t\t<\/div>\n\t\t\t\t<\/div>\n\t\t\t\t<\/div>\n\t\t\t\t\t<\/div>\n\t\t\t\t<\/div>\n\t\t\t\t<\/div>","protected":false},"excerpt":{"rendered":"<p>\u00dcber uns Aurodia \u2014 Wo Eleganz ihren Glanz findet. Bei Aurodia glauben wir, dass Schmuck mehr ist als nur etwas, das man tr\u00e4gt \u2014 er ist eine stille Sprache, die ausdr\u00fcckt, wer Sie sind, Ihre Pr\u00e4senz widerspiegelt und Sie durch Ihre allt\u00e4glichen Momente sowie Ihre besonderen Anl\u00e4sse begleitet. Aurodia wurde auf einer einfachen Idee gegr\u00fcndet: [&hellip;]<\/p>\n","protected":false},"author":1,"featured_media":0,"parent":0,"menu_order":0,"comment_status":"closed","ping_status":"closed","template":"","meta":{"_acf_changed":false,"_surecart_dashboard_logo_width":"180px","_surecart_dashboard_show_logo":true,"_surecart_dashboard_navigation_orders":true,"_surecart_dashboard_navigation_invoices":true,"_surecart_dashboard_navigation_subscriptions":true,"_surecart_dashboard_navigation_downloads":true,"_surecart_dashboard_navigation_billing":true,"_surecart_dashboard_navigation_account":true,"postBodyCss":"","postBodyMargin":[],"postBodyPadding":[],"postBodyBackground":{"backgroundType":"classic","gradient":""},"site-sidebar-layout":"no-sidebar","site-content-layout":"page-builder","ast-site-content-layout":"full-width-container","site-content-style":"default","site-sidebar-style":"default","ast-global-header-display":"","ast-banner-title-visibility":"","ast-main-header-display":"","ast-hfb-above-header-display":"","ast-hfb-below-header-display":"","ast-hfb-mobile-header-display":"","site-post-title":"","ast-breadcrumbs-content":"","ast-featured-img":"disabled","footer-sml-layout":"","ast-disable-related-posts":"","theme-transparent-header-meta":"","adv-header-id-meta":"","stick-header-meta":"","header-above-stick-meta":"","header-main-stick-meta":"","header-below-stick-meta":"","astra-migrate-meta-layouts":"set","ast-page-background-enabled":"default","ast-page-background-meta":{"desktop":{"background-color":"","background-image":"","background-repeat":"repeat","background-position":"center center","background-size":"auto","background-attachment":"scroll","background-type":"","background-media":"","overlay-type":"","overlay-color":"","overlay-opacity":"","overlay-gradient":""},"tablet":{"background-color":"","background-image":"","background-repeat":"repeat","background-position":"center center","background-size":"auto","background-attachment":"scroll","background-type":"","background-media":"","overlay-type":"","overlay-color":"","overlay-opacity":"","overlay-gradient":""},"mobile":{"background-color":"","background-image":"","background-repeat":"repeat","background-position":"center center","background-size":"auto","background-attachment":"scroll","background-type":"","background-media":"","overlay-type":"","overlay-color":"","overlay-opacity":"","overlay-gradient":""}},"ast-content-background-meta":{"desktop":{"background-color":"var(--ast-global-color-5)","background-image":"","background-repeat":"repeat","background-position":"center center","background-size":"auto","background-attachment":"scroll","background-type":"","background-media":"","overlay-type":"","overlay-color":"","overlay-opacity":"","overlay-gradient":""},"tablet":{"background-color":"var(--ast-global-color-5)","background-image":"","background-repeat":"repeat","background-position":"center center","background-size":"auto","background-attachment":"scroll","background-type":"","background-media":"","overlay-type":"","overlay-color":"","overlay-opacity":"","overlay-gradient":""},"mobile":{"background-color":"var(--ast-global-color-5)","background-image":"","background-repeat":"repeat","background-position":"center center","background-size":"auto","background-attachment":"scroll","background-type":"","background-media":"","overlay-type":"","overlay-color":"","overlay-opacity":"","overlay-gradient":""}},"footnotes":""},"class_list":["post-7903","page","type-page","status-publish","hentry"],"acf":[],"_hostinger_reach_plugin_has_subscription_block":false,"_hostinger_reach_plugin_is_elementor":false,"_links":{"self":[{"href":"https:\/\/aurodia.de\/en\/wp-json\/wp\/v2\/pages\/7903","targetHints":{"allow":["GET"]}}],"collection":[{"href":"https:\/\/aurodia.de\/en\/wp-json\/wp\/v2\/pages"}],"about":[{"href":"https:\/\/aurodia.de\/en\/wp-json\/wp\/v2\/types\/page"}],"author":[{"embeddable":true,"href":"https:\/\/aurodia.de\/en\/wp-json\/wp\/v2\/users\/1"}],"replies":[{"embeddable":true,"href":"https:\/\/aurodia.de\/en\/wp-json\/wp\/v2\/comments?post=7903"}],"version-history":[{"count":62,"href":"https:\/\/aurodia.de\/en\/wp-json\/wp\/v2\/pages\/7903\/revisions"}],"predecessor-version":[{"id":18247,"href":"https:\/\/aurodia.de\/en\/wp-json\/wp\/v2\/pages\/7903\/revisions\/18247"}],"wp:attachment":[{"href":"https:\/\/aurodia.de\/en\/wp-json\/wp\/v2\/media?parent=7903"}],"curies":[{"name":"wp","href":"https:\/\/api.w.org\/{rel}","templated":true}]}}