{"id":12611,"date":"2026-01-20T21:40:58","date_gmt":"2026-01-20T21:40:58","guid":{"rendered":"https:\/\/aurodia.de\/?post_type=product&#038;p=12611"},"modified":"2026-04-07T12:50:40","modified_gmt":"2026-04-07T12:50:40","slug":"midnight-star","status":"publish","type":"product","link":"https:\/\/aurodia.de\/en\/product\/midnight-star\/","title":{"rendered":"\u201eMidnight Star\u201c"},"content":{"rendered":"<h2 data-path-to-node=\"2\"><b data-path-to-node=\"2\" data-index-in-node=\"0\">Halsketten- &amp; Armband-Set \u201eMidnight Star\u201c \u2013 goldene Farbe mit Emaille<\/b><\/h2>\n<p data-path-to-node=\"3\">Bringen Sie den Nachthimmel an Ihr Handgelenk und Dekollet\u00e9. Dieses elegante Set besticht durch sein modernes <b data-path-to-node=\"3\" data-index-in-node=\"110\">Layering-Design<\/b> und die kontrastreichen Stern-Anh\u00e4nger. Ein Must-have f\u00fcr alle, die minimalistischen Schmuck mit einer verspielten Note lieben.<\/p>\n<h3 data-path-to-node=\"4\"><b data-path-to-node=\"4\" data-index-in-node=\"0\">Product Details<\/b><\/h3>\n<ul data-path-to-node=\"5\">\n<li>\n<p data-path-to-node=\"5,0,0\"><b data-path-to-node=\"5,0,0\" data-index-in-node=\"0\">Zweiteiliges Set:<\/b> Das Set besteht aus einer mehrreihigen Halskette und einem passenden doppellagigen Armband.<\/p>\n<\/li>\n<li>\n<p data-path-to-node=\"5,1,0\"><b data-path-to-node=\"5,1,0\" data-index-in-node=\"0\">Design-Mix:<\/b> Die Kombination aus einer glatten, gl\u00e4nzenden <b data-path-to-node=\"5,1,0\" data-index-in-node=\"58\">Schlangenkette<\/b> (Snake Chain) und einer feingliedrigen Ankerkette sorgt f\u00fcr einen trendigen Textur-Mix.<\/p>\n<\/li>\n<li>\n<p data-path-to-node=\"5,2,0\"><b data-path-to-node=\"5,2,0\" data-index-in-node=\"0\">Stern-Anh\u00e4nger:<\/b> Die filigranen Sterne sind wechselnd mit <b data-path-to-node=\"5,2,0\" data-index-in-node=\"57\">tiefschwarzer Emaille<\/b> und <b data-path-to-node=\"5,2,0\" data-index-in-node=\"83\">wei\u00dfem Perlmutt-Effekt<\/b> ausgelegt, was f\u00fcr edle Kontraste sorgt.<\/p>\n<\/li>\n<li>\n<p data-path-to-node=\"5,3,0\"><b data-path-to-node=\"5,3,0\" data-index-in-node=\"0\">Material:<\/b> Hochwertiges Metall mit einer langlebigen Edelstahl f\u00fcr einen luxuri\u00f6sen Glanz.<\/p>\n<\/li>\n<li>\n<p data-path-to-node=\"5,4,0\"><b data-path-to-node=\"5,4,0\" data-index-in-node=\"0\">Verschluss:<\/b> Sowohl Kette als auch Armband verf\u00fcgen \u00fcber einen sicheren Karabinerverschluss und ein <b data-path-to-node=\"5,4,0\" data-index-in-node=\"99\">Verl\u00e4ngerungskettchen<\/b> zur individuellen L\u00e4ngenanpassung.<\/p>\n<\/li>\n<\/ul>","protected":false},"excerpt":{"rendered":"<p>Halsketten- &amp; Armband-Set \u201eMidnight Star\u201c \u2013 goldene Farbe mit Emaille Bringen Sie den Nachthimmel an Ihr Handgelenk und Dekollet\u00e9. Dieses elegante Set besticht durch sein modernes Layering-Design und die kontrastreichen Stern-Anh\u00e4nger. Ein Must-have f\u00fcr alle, die minimalistischen Schmuck mit einer verspielten Note lieben. Produktdetails Zweiteiliges Set: Das Set besteht aus einer mehrreihigen Halskette und einem [&hellip;]<\/p>\n","protected":false},"featured_media":12044,"comment_status":"open","ping_status":"closed","template":"","meta":{"_acf_changed":false,"_surecart_dashboard_logo_width":"180px","_surecart_dashboard_show_logo":true,"_surecart_dashboard_navigation_orders":true,"_surecart_dashboard_navigation_invoices":true,"_surecart_dashboard_navigation_subscriptions":true,"_surecart_dashboard_navigation_downloads":true,"_surecart_dashboard_navigation_billing":true,"_surecart_dashboard_navigation_account":true,"postBodyCss":"","postBodyMargin":[],"postBodyPadding":[],"postBodyBackground":{"backgroundType":"classic","gradient":""},"site-sidebar-layout":"default","site-content-layout":"","ast-site-content-layout":"default","site-content-style":"default","site-sidebar-style":"default","ast-global-header-display":"","ast-banner-title-visibility":"","ast-main-header-display":"","ast-hfb-above-header-display":"","ast-hfb-below-header-display":"","ast-hfb-mobile-header-display":"","site-post-title":"","ast-breadcrumbs-content":"","ast-featured-img":"","footer-sml-layout":"","ast-disable-related-posts":"","theme-transparent-header-meta":"default","adv-header-id-meta":"","stick-header-meta":"","header-above-stick-meta":"","header-main-stick-meta":"","header-below-stick-meta":"","astra-migrate-meta-layouts":"set","ast-page-background-enabled":"default","ast-page-background-meta":{"desktop":{"background-color":"","background-image":"","background-repeat":"repeat","background-position":"center center","background-size":"auto","background-attachment":"scroll","background-type":"","background-media":"","overlay-type":"","overlay-color":"","overlay-opacity":"","overlay-gradient":""},"tablet":{"background-color":"","background-image":"","background-repeat":"repeat","background-position":"center center","background-size":"auto","background-attachment":"scroll","background-type":"","background-media":"","overlay-type":"","overlay-color":"","overlay-opacity":"","overlay-gradient":""},"mobile":{"background-color":"","background-image":"","background-repeat":"repeat","background-position":"center center","background-size":"auto","background-attachment":"scroll","background-type":"","background-media":"","overlay-type":"","overlay-color":"","overlay-opacity":"","overlay-gradient":""}},"ast-content-background-meta":{"desktop":{"background-color":"var(--ast-global-color-5)","background-image":"","background-repeat":"repeat","background-position":"center center","background-size":"auto","background-attachment":"scroll","background-type":"","background-media":"","overlay-type":"","overlay-color":"","overlay-opacity":"","overlay-gradient":""},"tablet":{"background-color":"var(--ast-global-color-5)","background-image":"","background-repeat":"repeat","background-position":"center center","background-size":"auto","background-attachment":"scroll","background-type":"","background-media":"","overlay-type":"","overlay-color":"","overlay-opacity":"","overlay-gradient":""},"mobile":{"background-color":"var(--ast-global-color-5)","background-image":"","background-repeat":"repeat","background-position":"center center","background-size":"auto","background-attachment":"scroll","background-type":"","background-media":"","overlay-type":"","overlay-color":"","overlay-opacity":"","overlay-gradient":""}}},"product_brand":[],"product_cat":[110,112,113,103,105],"product_tag":[],"class_list":{"0":"post-12611","1":"product","2":"type-product","3":"status-publish","4":"has-post-thumbnail","6":"product_cat-necklaces_pendants","7":"product_cat-jewelry_sets","8":"product_cat-womens_jewelry","9":"product_cat-traditional","10":"product_cat-modern","11":"desktop-align-center","12":"tablet-align-center","13":"mobile-align-center","15":"first","16":"instock","17":"sale","18":"taxable","19":"shipping-taxable","20":"purchasable","21":"product-type-simple"},"acf":[],"_links":{"self":[{"href":"https:\/\/aurodia.de\/en\/wp-json\/wp\/v2\/product\/12611","targetHints":{"allow":["GET"]}}],"collection":[{"href":"https:\/\/aurodia.de\/en\/wp-json\/wp\/v2\/product"}],"about":[{"href":"https:\/\/aurodia.de\/en\/wp-json\/wp\/v2\/types\/product"}],"replies":[{"embeddable":true,"href":"https:\/\/aurodia.de\/en\/wp-json\/wp\/v2\/comments?post=12611"}],"wp:featuredmedia":[{"embeddable":true,"href":"https:\/\/aurodia.de\/en\/wp-json\/wp\/v2\/media\/12044"}],"wp:attachment":[{"href":"https:\/\/aurodia.de\/en\/wp-json\/wp\/v2\/media?parent=12611"}],"wp:term":[{"taxonomy":"product_brand","embeddable":true,"href":"https:\/\/aurodia.de\/en\/wp-json\/wp\/v2\/product_brand?post=12611"},{"taxonomy":"product_cat","embeddable":true,"href":"https:\/\/aurodia.de\/en\/wp-json\/wp\/v2\/product_cat?post=12611"},{"taxonomy":"product_tag","embeddable":true,"href":"https:\/\/aurodia.de\/en\/wp-json\/wp\/v2\/product_tag?post=12611"}],"curies":[{"name":"wp","href":"https:\/\/api.w.org\/{rel}","templated":true}]}}