{"id":13218,"date":"2026-01-25T15:08:05","date_gmt":"2026-01-25T15:08:05","guid":{"rendered":"https:\/\/aurodia.de\/?post_type=product&#038;p=13218"},"modified":"2026-04-07T12:36:05","modified_gmt":"2026-04-07T12:36:05","slug":"lucky-charm-kleeblatt","status":"publish","type":"product","link":"https:\/\/aurodia.de\/en\/product\/lucky-charm-kleeblatt\/","title":{"rendered":"\u201eLucky Charm\u201c Kleeblatt"},"content":{"rendered":"<p data-path-to-node=\"5,4,0\"><b data-path-to-node=\"5,4,0\" data-index-in-node=\"0\">Das \u201eLucky Charm\u201c Kleeblatt<\/b><\/p>\n<ul data-path-to-node=\"5,4,1\">\n<li>\n<p data-path-to-node=\"5,4,1,0,0\"><b data-path-to-node=\"5,4,1,0,0\" data-index-in-node=\"0\">Design:<\/b> Ein vierbl\u00e4ttriges Kleeblatt mit fein linierten Gravuren auf den Bl\u00e4ttern.<\/p>\n<\/li>\n<li>\n<p data-path-to-node=\"5,4,1,1,0\"><b data-path-to-node=\"5,4,1,1,0\" data-index-in-node=\"0\">Besonderheit:<\/b> Ein kleiner, funkelnder Kristall am oberen Rand verleiht dem Gl\u00fccksbringer eine zus\u00e4tzliche Portion Glamour.<\/p>\n<\/li>\n<li>\n<p data-path-to-node=\"5,4,1,2,0\"><b data-path-to-node=\"5,4,1,2,0\" data-index-in-node=\"0\">Kette:<\/b> Eine feine Gliederkette mit integrierten goldfarbene K\u00fcgelchen im Layering-Stil.<\/p>\n<\/li>\n<\/ul>","protected":false},"excerpt":{"rendered":"<p>Das \u201eLucky Charm\u201c Kleeblatt Design: Ein vierbl\u00e4ttriges Kleeblatt mit fein linierten Gravuren auf den Bl\u00e4ttern. Besonderheit: Ein kleiner, funkelnder Kristall am oberen Rand verleiht dem Gl\u00fccksbringer eine zus\u00e4tzliche Portion Glamour. Kette: Eine feine Gliederkette mit integrierten goldfarbene K\u00fcgelchen im Layering-Stil.<\/p>","protected":false},"featured_media":12058,"comment_status":"open","ping_status":"closed","template":"","meta":{"_acf_changed":false,"_surecart_dashboard_logo_width":"180px","_surecart_dashboard_show_logo":true,"_surecart_dashboard_navigation_orders":true,"_surecart_dashboard_navigation_invoices":true,"_surecart_dashboard_navigation_subscriptions":true,"_surecart_dashboard_navigation_downloads":true,"_surecart_dashboard_navigation_billing":true,"_surecart_dashboard_navigation_account":true,"postBodyCss":"","postBodyMargin":[],"postBodyPadding":[],"postBodyBackground":{"backgroundType":"classic","gradient":""},"site-sidebar-layout":"default","site-content-layout":"","ast-site-content-layout":"default","site-content-style":"default","site-sidebar-style":"default","ast-global-header-display":"","ast-banner-title-visibility":"","ast-main-header-display":"","ast-hfb-above-header-display":"","ast-hfb-below-header-display":"","ast-hfb-mobile-header-display":"","site-post-title":"","ast-breadcrumbs-content":"","ast-featured-img":"","footer-sml-layout":"","ast-disable-related-posts":"","theme-transparent-header-meta":"default","adv-header-id-meta":"","stick-header-meta":"","header-above-stick-meta":"","header-main-stick-meta":"","header-below-stick-meta":"","astra-migrate-meta-layouts":"set","ast-page-background-enabled":"default","ast-page-background-meta":{"desktop":{"background-color":"","background-image":"","background-repeat":"repeat","background-position":"center center","background-size":"auto","background-attachment":"scroll","background-type":"","background-media":"","overlay-type":"","overlay-color":"","overlay-opacity":"","overlay-gradient":""},"tablet":{"background-color":"","background-image":"","background-repeat":"repeat","background-position":"center center","background-size":"auto","background-attachment":"scroll","background-type":"","background-media":"","overlay-type":"","overlay-color":"","overlay-opacity":"","overlay-gradient":""},"mobile":{"background-color":"","background-image":"","background-repeat":"repeat","background-position":"center center","background-size":"auto","background-attachment":"scroll","background-type":"","background-media":"","overlay-type":"","overlay-color":"","overlay-opacity":"","overlay-gradient":""}},"ast-content-background-meta":{"desktop":{"background-color":"var(--ast-global-color-5)","background-image":"","background-repeat":"repeat","background-position":"center center","background-size":"auto","background-attachment":"scroll","background-type":"","background-media":"","overlay-type":"","overlay-color":"","overlay-opacity":"","overlay-gradient":""},"tablet":{"background-color":"var(--ast-global-color-5)","background-image":"","background-repeat":"repeat","background-position":"center center","background-size":"auto","background-attachment":"scroll","background-type":"","background-media":"","overlay-type":"","overlay-color":"","overlay-opacity":"","overlay-gradient":""},"mobile":{"background-color":"var(--ast-global-color-5)","background-image":"","background-repeat":"repeat","background-position":"center center","background-size":"auto","background-attachment":"scroll","background-type":"","background-media":"","overlay-type":"","overlay-color":"","overlay-opacity":"","overlay-gradient":""}}},"product_brand":[],"product_cat":[110,113,124,104,105,106],"product_tag":[],"class_list":{"0":"post-13218","1":"product","2":"type-product","3":"status-publish","4":"has-post-thumbnail","6":"product_cat-necklaces_pendants","7":"product_cat-womens_jewelry","8":"product_cat-our_collection","9":"product_cat-trending","10":"product_cat-modern","11":"product_cat-big_deal","12":"desktop-align-center","13":"tablet-align-center","14":"mobile-align-center","16":"first","17":"instock","18":"sale","19":"taxable","20":"shipping-taxable","21":"purchasable","22":"product-type-simple"},"acf":[],"_links":{"self":[{"href":"https:\/\/aurodia.de\/en\/wp-json\/wp\/v2\/product\/13218","targetHints":{"allow":["GET"]}}],"collection":[{"href":"https:\/\/aurodia.de\/en\/wp-json\/wp\/v2\/product"}],"about":[{"href":"https:\/\/aurodia.de\/en\/wp-json\/wp\/v2\/types\/product"}],"replies":[{"embeddable":true,"href":"https:\/\/aurodia.de\/en\/wp-json\/wp\/v2\/comments?post=13218"}],"wp:featuredmedia":[{"embeddable":true,"href":"https:\/\/aurodia.de\/en\/wp-json\/wp\/v2\/media\/12058"}],"wp:attachment":[{"href":"https:\/\/aurodia.de\/en\/wp-json\/wp\/v2\/media?parent=13218"}],"wp:term":[{"taxonomy":"product_brand","embeddable":true,"href":"https:\/\/aurodia.de\/en\/wp-json\/wp\/v2\/product_brand?post=13218"},{"taxonomy":"product_cat","embeddable":true,"href":"https:\/\/aurodia.de\/en\/wp-json\/wp\/v2\/product_cat?post=13218"},{"taxonomy":"product_tag","embeddable":true,"href":"https:\/\/aurodia.de\/en\/wp-json\/wp\/v2\/product_tag?post=13218"}],"curies":[{"name":"wp","href":"https:\/\/api.w.org\/{rel}","templated":true}]}}