{"id":13792,"date":"2026-01-28T09:50:14","date_gmt":"2026-01-28T09:50:14","guid":{"rendered":"https:\/\/aurodia.de\/?post_type=product&#038;p=13792"},"modified":"2026-04-07T12:31:14","modified_gmt":"2026-04-07T12:31:14","slug":"band-ring","status":"publish","type":"product","link":"https:\/\/aurodia.de\/en\/product\/band-ring\/","title":{"rendered":"\u201eBand-Ring\u201c"},"content":{"rendered":"<ul>\n<li>\n<p data-path-to-node=\"2,0,0\">Der Ring verf\u00fcgt \u00fcber ein mehrschichtiges Inlay, das an Sternenstaub oder Meteoritengestein erinnert.<\/p>\n<\/li>\n<li>\n<p data-path-to-node=\"2,1,0\"><b data-path-to-node=\"2,1,0\" data-index-in-node=\"0\">Zentralelemente:<\/b> In der Mitte verl\u00e4uft eine markante, kupferfarbene Struktur, die wie eine feine Wicklung oder eine Gitarrensaiten-Optik wirkt.<\/p>\n<\/li>\n<li>\n<p data-path-to-node=\"2,3,0\"><b data-path-to-node=\"2,3,0\" data-index-in-node=\"0\">Form:<\/b> Ein massives \u201eBand-Ring\u201c-Design mit leicht abgerundeten Kanten f\u00fcr optimalen Tragekomfort.<\/p>\n<\/li>\n<\/ul>","protected":false},"excerpt":{"rendered":"<p>Der Ring verf\u00fcgt \u00fcber ein mehrschichtiges Inlay, das an Sternenstaub oder Meteoritengestein erinnert. Zentralelemente: In der Mitte verl\u00e4uft eine markante, kupferfarbene Struktur, die wie eine feine Wicklung oder eine Gitarrensaiten-Optik wirkt. Form: Ein massives \u201eBand-Ring\u201c-Design mit leicht abgerundeten Kanten f\u00fcr optimalen Tragekomfort.<\/p>","protected":false},"featured_media":13793,"comment_status":"open","ping_status":"closed","template":"","meta":{"_acf_changed":false,"_surecart_dashboard_logo_width":"180px","_surecart_dashboard_show_logo":true,"_surecart_dashboard_navigation_orders":true,"_surecart_dashboard_navigation_invoices":true,"_surecart_dashboard_navigation_subscriptions":true,"_surecart_dashboard_navigation_downloads":true,"_surecart_dashboard_navigation_billing":true,"_surecart_dashboard_navigation_account":true,"postBodyCss":"","postBodyMargin":[],"postBodyPadding":[],"postBodyBackground":{"backgroundType":"classic","gradient":""},"site-sidebar-layout":"default","site-content-layout":"","ast-site-content-layout":"default","site-content-style":"default","site-sidebar-style":"default","ast-global-header-display":"","ast-banner-title-visibility":"","ast-main-header-display":"","ast-hfb-above-header-display":"","ast-hfb-below-header-display":"","ast-hfb-mobile-header-display":"","site-post-title":"","ast-breadcrumbs-content":"","ast-featured-img":"","footer-sml-layout":"","ast-disable-related-posts":"","theme-transparent-header-meta":"default","adv-header-id-meta":"","stick-header-meta":"","header-above-stick-meta":"","header-main-stick-meta":"","header-below-stick-meta":"","astra-migrate-meta-layouts":"set","ast-page-background-enabled":"default","ast-page-background-meta":{"desktop":{"background-color":"","background-image":"","background-repeat":"repeat","background-position":"center center","background-size":"auto","background-attachment":"scroll","background-type":"","background-media":"","overlay-type":"","overlay-color":"","overlay-opacity":"","overlay-gradient":""},"tablet":{"background-color":"","background-image":"","background-repeat":"repeat","background-position":"center center","background-size":"auto","background-attachment":"scroll","background-type":"","background-media":"","overlay-type":"","overlay-color":"","overlay-opacity":"","overlay-gradient":""},"mobile":{"background-color":"","background-image":"","background-repeat":"repeat","background-position":"center center","background-size":"auto","background-attachment":"scroll","background-type":"","background-media":"","overlay-type":"","overlay-color":"","overlay-opacity":"","overlay-gradient":""}},"ast-content-background-meta":{"desktop":{"background-color":"var(--ast-global-color-5)","background-image":"","background-repeat":"repeat","background-position":"center center","background-size":"auto","background-attachment":"scroll","background-type":"","background-media":"","overlay-type":"","overlay-color":"","overlay-opacity":"","overlay-gradient":""},"tablet":{"background-color":"var(--ast-global-color-5)","background-image":"","background-repeat":"repeat","background-position":"center center","background-size":"auto","background-attachment":"scroll","background-type":"","background-media":"","overlay-type":"","overlay-color":"","overlay-opacity":"","overlay-gradient":""},"mobile":{"background-color":"var(--ast-global-color-5)","background-image":"","background-repeat":"repeat","background-position":"center center","background-size":"auto","background-attachment":"scroll","background-type":"","background-media":"","overlay-type":"","overlay-color":"","overlay-opacity":"","overlay-gradient":""}}},"product_brand":[],"product_cat":[121,15,113,119,104,105,106],"product_tag":[],"class_list":{"0":"post-13792","1":"product","2":"type-product","3":"status-publish","4":"has-post-thumbnail","6":"product_cat-sunset_glow","7":"product_cat-rings","8":"product_cat-womens_jewelry","9":"product_cat-bridal_radiance","10":"product_cat-trending","11":"product_cat-modern","12":"product_cat-big_deal","13":"pa_groesse-132","14":"pa_groesse-133","15":"pa_groesse-98","16":"pa_groesse-134","17":"pa_groesse-99","18":"pa_groesse-135","19":"pa_groesse-100","20":"desktop-align-center","21":"tablet-align-center","22":"mobile-align-center","24":"first","25":"instock","26":"sale","27":"taxable","28":"shipping-taxable","29":"purchasable","30":"product-type-variable"},"acf":[],"_links":{"self":[{"href":"https:\/\/aurodia.de\/en\/wp-json\/wp\/v2\/product\/13792","targetHints":{"allow":["GET"]}}],"collection":[{"href":"https:\/\/aurodia.de\/en\/wp-json\/wp\/v2\/product"}],"about":[{"href":"https:\/\/aurodia.de\/en\/wp-json\/wp\/v2\/types\/product"}],"replies":[{"embeddable":true,"href":"https:\/\/aurodia.de\/en\/wp-json\/wp\/v2\/comments?post=13792"}],"wp:featuredmedia":[{"embeddable":true,"href":"https:\/\/aurodia.de\/en\/wp-json\/wp\/v2\/media\/13793"}],"wp:attachment":[{"href":"https:\/\/aurodia.de\/en\/wp-json\/wp\/v2\/media?parent=13792"}],"wp:term":[{"taxonomy":"product_brand","embeddable":true,"href":"https:\/\/aurodia.de\/en\/wp-json\/wp\/v2\/product_brand?post=13792"},{"taxonomy":"product_cat","embeddable":true,"href":"https:\/\/aurodia.de\/en\/wp-json\/wp\/v2\/product_cat?post=13792"},{"taxonomy":"product_tag","embeddable":true,"href":"https:\/\/aurodia.de\/en\/wp-json\/wp\/v2\/product_tag?post=13792"}],"curies":[{"name":"wp","href":"https:\/\/api.w.org\/{rel}","templated":true}]}}