{"id":15024,"date":"2026-02-02T10:05:11","date_gmt":"2026-02-02T10:05:11","guid":{"rendered":"https:\/\/aurodia.de\/?post_type=product&#038;p=15024"},"modified":"2026-04-07T12:17:10","modified_gmt":"2026-04-07T12:17:10","slug":"rainbow-trinity","status":"publish","type":"product","link":"https:\/\/aurodia.de\/en\/product\/rainbow-trinity\/","title":{"rendered":"\u201eRainbow Trinity\u201c"},"content":{"rendered":"<h3 data-path-to-node=\"4\"><b data-path-to-node=\"4\" data-index-in-node=\"0\">\u201eRainbow Trinity\u201c \u2013 Verspielter Mehrreihiger Ring<\/b><\/h3>\n<p data-path-to-node=\"5\">Ein dynamisches Schmuckst\u00fcck, das durch seine Farbigkeit und Formgebung \u00fcberzeugt.<\/p>\n<ul data-path-to-node=\"6\">\n<li>\n<p data-path-to-node=\"6,0,0\">Ein dreireihiger Wickelring, bei dem die einzelnen Bahnen harmonisch ineinander verschlungen sind.<\/p>\n<\/li>\n<li>\n<p data-path-to-node=\"6,1,0\">Die Oberfl\u00e4che gl\u00e4nzt in einem irisierenden Regenbogen-Effekt, der je nach Lichteinfall in Violett-, Blau-, Gr\u00fcn- und Goldt\u00f6nen schimmert.<\/p>\n<\/li>\n<li>\n<p data-path-to-node=\"6,2,0\">Ein moderner, fr\u00f6hlicher Look, der Leichtigkeit und Stil vereint.<\/p>\n<\/li>\n<\/ul>","protected":false},"excerpt":{"rendered":"<p>\u201eRainbow Trinity\u201c \u2013 Verspielter Mehrreihiger Ring Ein dynamisches Schmuckst\u00fcck, das durch seine Farbigkeit und Formgebung \u00fcberzeugt. Ein dreireihiger Wickelring, bei dem die einzelnen Bahnen harmonisch ineinander verschlungen sind. Die Oberfl\u00e4che gl\u00e4nzt in einem irisierenden Regenbogen-Effekt, der je nach Lichteinfall in Violett-, Blau-, Gr\u00fcn- und Goldt\u00f6nen schimmert. Ein moderner, fr\u00f6hlicher Look, der Leichtigkeit und Stil vereint.<\/p>","protected":false},"featured_media":15027,"comment_status":"open","ping_status":"closed","template":"","meta":{"_acf_changed":false,"_surecart_dashboard_logo_width":"180px","_surecart_dashboard_show_logo":true,"_surecart_dashboard_navigation_orders":true,"_surecart_dashboard_navigation_invoices":true,"_surecart_dashboard_navigation_subscriptions":true,"_surecart_dashboard_navigation_downloads":true,"_surecart_dashboard_navigation_billing":true,"_surecart_dashboard_navigation_account":true,"postBodyCss":"","postBodyMargin":[],"postBodyPadding":[],"postBodyBackground":{"backgroundType":"classic","gradient":""},"site-sidebar-layout":"default","site-content-layout":"","ast-site-content-layout":"default","site-content-style":"default","site-sidebar-style":"default","ast-global-header-display":"","ast-banner-title-visibility":"","ast-main-header-display":"","ast-hfb-above-header-display":"","ast-hfb-below-header-display":"","ast-hfb-mobile-header-display":"","site-post-title":"","ast-breadcrumbs-content":"","ast-featured-img":"","footer-sml-layout":"","ast-disable-related-posts":"","theme-transparent-header-meta":"default","adv-header-id-meta":"","stick-header-meta":"","header-above-stick-meta":"","header-main-stick-meta":"","header-below-stick-meta":"","astra-migrate-meta-layouts":"set","ast-page-background-enabled":"default","ast-page-background-meta":{"desktop":{"background-color":"","background-image":"","background-repeat":"repeat","background-position":"center center","background-size":"auto","background-attachment":"scroll","background-type":"","background-media":"","overlay-type":"","overlay-color":"","overlay-opacity":"","overlay-gradient":""},"tablet":{"background-color":"","background-image":"","background-repeat":"repeat","background-position":"center center","background-size":"auto","background-attachment":"scroll","background-type":"","background-media":"","overlay-type":"","overlay-color":"","overlay-opacity":"","overlay-gradient":""},"mobile":{"background-color":"","background-image":"","background-repeat":"repeat","background-position":"center center","background-size":"auto","background-attachment":"scroll","background-type":"","background-media":"","overlay-type":"","overlay-color":"","overlay-opacity":"","overlay-gradient":""}},"ast-content-background-meta":{"desktop":{"background-color":"var(--ast-global-color-5)","background-image":"","background-repeat":"repeat","background-position":"center center","background-size":"auto","background-attachment":"scroll","background-type":"","background-media":"","overlay-type":"","overlay-color":"","overlay-opacity":"","overlay-gradient":""},"tablet":{"background-color":"var(--ast-global-color-5)","background-image":"","background-repeat":"repeat","background-position":"center center","background-size":"auto","background-attachment":"scroll","background-type":"","background-media":"","overlay-type":"","overlay-color":"","overlay-opacity":"","overlay-gradient":""},"mobile":{"background-color":"var(--ast-global-color-5)","background-image":"","background-repeat":"repeat","background-position":"center center","background-size":"auto","background-attachment":"scroll","background-type":"","background-media":"","overlay-type":"","overlay-color":"","overlay-opacity":"","overlay-gradient":""}}},"product_brand":[],"product_cat":[121,15,113,120,105,106],"product_tag":[],"class_list":{"0":"post-15024","1":"product","2":"type-product","3":"status-publish","4":"has-post-thumbnail","6":"product_cat-sunset_glow","7":"product_cat-rings","8":"product_cat-womens_jewelry","9":"product_cat-festive_spark","10":"product_cat-modern","11":"product_cat-big_deal","12":"pa_farbe-gold","13":"pa_farbe-silber","14":"pa_farbe-rainbow","15":"pa_groesse-132","16":"pa_groesse-133","17":"pa_groesse-134","18":"pa_groesse-98","19":"pa_groesse-135","20":"pa_groesse-99","21":"pa_groesse-100","22":"desktop-align-center","23":"tablet-align-center","24":"mobile-align-center","26":"first","27":"instock","28":"sale","29":"taxable","30":"shipping-taxable","31":"purchasable","32":"product-type-variable"},"acf":[],"_links":{"self":[{"href":"https:\/\/aurodia.de\/en\/wp-json\/wp\/v2\/product\/15024","targetHints":{"allow":["GET"]}}],"collection":[{"href":"https:\/\/aurodia.de\/en\/wp-json\/wp\/v2\/product"}],"about":[{"href":"https:\/\/aurodia.de\/en\/wp-json\/wp\/v2\/types\/product"}],"replies":[{"embeddable":true,"href":"https:\/\/aurodia.de\/en\/wp-json\/wp\/v2\/comments?post=15024"}],"wp:featuredmedia":[{"embeddable":true,"href":"https:\/\/aurodia.de\/en\/wp-json\/wp\/v2\/media\/15027"}],"wp:attachment":[{"href":"https:\/\/aurodia.de\/en\/wp-json\/wp\/v2\/media?parent=15024"}],"wp:term":[{"taxonomy":"product_brand","embeddable":true,"href":"https:\/\/aurodia.de\/en\/wp-json\/wp\/v2\/product_brand?post=15024"},{"taxonomy":"product_cat","embeddable":true,"href":"https:\/\/aurodia.de\/en\/wp-json\/wp\/v2\/product_cat?post=15024"},{"taxonomy":"product_tag","embeddable":true,"href":"https:\/\/aurodia.de\/en\/wp-json\/wp\/v2\/product_tag?post=15024"}],"curies":[{"name":"wp","href":"https:\/\/api.w.org\/{rel}","templated":true}]}}