{"id":15538,"date":"2026-02-04T23:37:25","date_gmt":"2026-02-04T23:37:25","guid":{"rendered":"https:\/\/aurodia.de\/?post_type=product&#038;p=15538"},"modified":"2026-04-07T12:13:52","modified_gmt":"2026-04-07T12:13:52","slug":"eternal-stardust","status":"publish","type":"product","link":"https:\/\/aurodia.de\/en\/product\/eternal-stardust\/","title":{"rendered":"\u201eEternal Stardust\u201c"},"content":{"rendered":"<h3 data-path-to-node=\"8\"><b data-path-to-node=\"8\" data-index-in-node=\"0\">\u201eEternal Stardust\u201c \u2013 Elegantes Hochzeits- &amp; Verlobungsset<\/b><\/h3>\n<p data-path-to-node=\"9\">Zeitlose Romantik trifft auf faszinierende Texturen \u2013 ein Set, das Verbundenheit perfekt symbolisiert.<\/p>\n<ul data-path-to-node=\"10\">\n<li>\n<p data-path-to-node=\"10,0,0\">Ein klassischer Solit\u00e4r-Ring mit einem pr\u00e4zise gefassten, funkelnden Hauptstein in einer 4-er Krappenfassung.<\/p>\n<\/li>\n<li>\n<p data-path-to-node=\"10,1,0\">Ein passender, schlichter Bandring, der das Design des Damenrings harmonisch erg\u00e4nzt.<\/p>\n<\/li>\n<li>\n<p data-path-to-node=\"10,2,0\">Beide Ringe verf\u00fcgen \u00fcber eine einzigartige \u201eStardust\u201c-Textur (Diamond Dust Effekt) in der Mitte, die von edlen, goldfarbenen Au\u00dfenkanten eingerahmt wird.<\/p>\n<\/li>\n<\/ul>","protected":false},"excerpt":{"rendered":"<p>\u201eEternal Stardust\u201c \u2013 Elegantes Hochzeits- &amp; Verlobungsset Zeitlose Romantik trifft auf faszinierende Texturen \u2013 ein Set, das Verbundenheit perfekt symbolisiert. Ein klassischer Solit\u00e4r-Ring mit einem pr\u00e4zise gefassten, funkelnden Hauptstein in einer 4-er Krappenfassung. Ein passender, schlichter Bandring, der das Design des Damenrings harmonisch erg\u00e4nzt. Beide Ringe verf\u00fcgen \u00fcber eine einzigartige \u201eStardust\u201c-Textur (Diamond Dust Effekt) in [&hellip;]<\/p>\n","protected":false},"featured_media":15539,"comment_status":"open","ping_status":"closed","template":"","meta":{"_acf_changed":false,"_surecart_dashboard_logo_width":"180px","_surecart_dashboard_show_logo":true,"_surecart_dashboard_navigation_orders":true,"_surecart_dashboard_navigation_invoices":true,"_surecart_dashboard_navigation_subscriptions":true,"_surecart_dashboard_navigation_downloads":true,"_surecart_dashboard_navigation_billing":true,"_surecart_dashboard_navigation_account":true,"postBodyCss":"","postBodyMargin":[],"postBodyPadding":[],"postBodyBackground":{"backgroundType":"classic","gradient":""},"site-sidebar-layout":"default","site-content-layout":"","ast-site-content-layout":"default","site-content-style":"default","site-sidebar-style":"default","ast-global-header-display":"","ast-banner-title-visibility":"","ast-main-header-display":"","ast-hfb-above-header-display":"","ast-hfb-below-header-display":"","ast-hfb-mobile-header-display":"","site-post-title":"","ast-breadcrumbs-content":"","ast-featured-img":"","footer-sml-layout":"","ast-disable-related-posts":"","theme-transparent-header-meta":"default","adv-header-id-meta":"","stick-header-meta":"","header-above-stick-meta":"","header-main-stick-meta":"","header-below-stick-meta":"","astra-migrate-meta-layouts":"set","ast-page-background-enabled":"default","ast-page-background-meta":{"desktop":{"background-color":"","background-image":"","background-repeat":"repeat","background-position":"center center","background-size":"auto","background-attachment":"scroll","background-type":"","background-media":"","overlay-type":"","overlay-color":"","overlay-opacity":"","overlay-gradient":""},"tablet":{"background-color":"","background-image":"","background-repeat":"repeat","background-position":"center center","background-size":"auto","background-attachment":"scroll","background-type":"","background-media":"","overlay-type":"","overlay-color":"","overlay-opacity":"","overlay-gradient":""},"mobile":{"background-color":"","background-image":"","background-repeat":"repeat","background-position":"center center","background-size":"auto","background-attachment":"scroll","background-type":"","background-media":"","overlay-type":"","overlay-color":"","overlay-opacity":"","overlay-gradient":""}},"ast-content-background-meta":{"desktop":{"background-color":"var(--ast-global-color-5)","background-image":"","background-repeat":"repeat","background-position":"center center","background-size":"auto","background-attachment":"scroll","background-type":"","background-media":"","overlay-type":"","overlay-color":"","overlay-opacity":"","overlay-gradient":""},"tablet":{"background-color":"var(--ast-global-color-5)","background-image":"","background-repeat":"repeat","background-position":"center center","background-size":"auto","background-attachment":"scroll","background-type":"","background-media":"","overlay-type":"","overlay-color":"","overlay-opacity":"","overlay-gradient":""},"mobile":{"background-color":"var(--ast-global-color-5)","background-image":"","background-repeat":"repeat","background-position":"center center","background-size":"auto","background-attachment":"scroll","background-type":"","background-media":"","overlay-type":"","overlay-color":"","overlay-opacity":"","overlay-gradient":""}}},"product_brand":[],"product_cat":[15,119,120,124,105,106],"product_tag":[],"class_list":{"0":"post-15538","1":"product","2":"type-product","3":"status-publish","4":"has-post-thumbnail","6":"product_cat-rings","7":"product_cat-bridal_radiance","8":"product_cat-festive_spark","9":"product_cat-our_collection","10":"product_cat-modern","11":"product_cat-big_deal","12":"pa_groesse-132","13":"pa_groesse-133","14":"pa_groesse-134","15":"pa_groesse-98","16":"pa_groesse-135","17":"pa_groesse-99","18":"pa_groesse-100","19":"desktop-align-center","20":"tablet-align-center","21":"mobile-align-center","23":"first","24":"instock","25":"sale","26":"taxable","27":"shipping-taxable","28":"purchasable","29":"product-type-variable"},"acf":[],"_links":{"self":[{"href":"https:\/\/aurodia.de\/en\/wp-json\/wp\/v2\/product\/15538","targetHints":{"allow":["GET"]}}],"collection":[{"href":"https:\/\/aurodia.de\/en\/wp-json\/wp\/v2\/product"}],"about":[{"href":"https:\/\/aurodia.de\/en\/wp-json\/wp\/v2\/types\/product"}],"replies":[{"embeddable":true,"href":"https:\/\/aurodia.de\/en\/wp-json\/wp\/v2\/comments?post=15538"}],"wp:featuredmedia":[{"embeddable":true,"href":"https:\/\/aurodia.de\/en\/wp-json\/wp\/v2\/media\/15539"}],"wp:attachment":[{"href":"https:\/\/aurodia.de\/en\/wp-json\/wp\/v2\/media?parent=15538"}],"wp:term":[{"taxonomy":"product_brand","embeddable":true,"href":"https:\/\/aurodia.de\/en\/wp-json\/wp\/v2\/product_brand?post=15538"},{"taxonomy":"product_cat","embeddable":true,"href":"https:\/\/aurodia.de\/en\/wp-json\/wp\/v2\/product_cat?post=15538"},{"taxonomy":"product_tag","embeddable":true,"href":"https:\/\/aurodia.de\/en\/wp-json\/wp\/v2\/product_tag?post=15538"}],"curies":[{"name":"wp","href":"https:\/\/api.w.org\/{rel}","templated":true}]}}