{"id":15542,"date":"2026-02-04T23:57:00","date_gmt":"2026-02-04T23:57:00","guid":{"rendered":"https:\/\/aurodia.de\/?post_type=product&#038;p=15542"},"modified":"2026-04-07T12:12:08","modified_gmt":"2026-04-07T12:12:08","slug":"bambus-gluehen","status":"publish","type":"product","link":"https:\/\/aurodia.de\/en\/product\/bambus-gluehen\/","title":{"rendered":"&#8222;Bambus-Gl\u00fchen&#8220;"},"content":{"rendered":"<h2 data-path-to-node=\"1\"><b data-path-to-node=\"1\" data-index-in-node=\"0\">&#8222;Bamboo Glow&#8220; Emaille-Armreifen<\/b><\/h2>\n<p data-path-to-node=\"2\">Diese Armb\u00e4nder bestechen durch ihr minimalistisches, von der Natur inspiriertes Design und ihre hochwertige Verarbeitung.<\/p>\n<ul data-path-to-node=\"3\">\n<li>\n<p data-path-to-node=\"3,0,0\">Die Armreifen sind in einer markanten <b data-path-to-node=\"3,0,0\" data-index-in-node=\"55\">Bambus-Optik<\/b> gestaltet. Die einzelnen Glieder sind leicht gew\u00f6lbt und werden durch gl\u00e4nzende, <b data-path-to-node=\"3,0,0\" data-index-in-node=\"149\">goldfarbene Zwischenelemente<\/b> optisch voneinander getrennt.<\/p>\n<\/li>\n<li>\n<p data-path-to-node=\"3,1,0\">Jedes Armband verf\u00fcgt \u00fcber eine glatte, hochgl\u00e4nzende <b data-path-to-node=\"3,1,0\" data-index-in-node=\"73\">Emaille-Beschichtung<\/b>, die f\u00fcr eine intensive Farbtiefe sorgt.<\/p>\n<\/li>\n<\/ul>","protected":false},"excerpt":{"rendered":"<p>&#8222;Bamboo Glow&#8220; Emaille-Armreifen Diese Armb\u00e4nder bestechen durch ihr minimalistisches, von der Natur inspiriertes Design und ihre hochwertige Verarbeitung. Die Armreifen sind in einer markanten Bambus-Optik gestaltet. Die einzelnen Glieder sind leicht gew\u00f6lbt und werden durch gl\u00e4nzende, goldfarbene Zwischenelemente optisch voneinander getrennt. Jedes Armband verf\u00fcgt \u00fcber eine glatte, hochgl\u00e4nzende Emaille-Beschichtung, die f\u00fcr eine intensive Farbtiefe sorgt.<\/p>","protected":false},"featured_media":15543,"comment_status":"open","ping_status":"closed","template":"","meta":{"_acf_changed":false,"_surecart_dashboard_logo_width":"180px","_surecart_dashboard_show_logo":true,"_surecart_dashboard_navigation_orders":true,"_surecart_dashboard_navigation_invoices":true,"_surecart_dashboard_navigation_subscriptions":true,"_surecart_dashboard_navigation_downloads":true,"_surecart_dashboard_navigation_billing":true,"_surecart_dashboard_navigation_account":true,"postBodyCss":"","postBodyMargin":[],"postBodyPadding":[],"postBodyBackground":{"backgroundType":"classic","gradient":""},"site-sidebar-layout":"default","site-content-layout":"","ast-site-content-layout":"default","site-content-style":"default","site-sidebar-style":"default","ast-global-header-display":"","ast-banner-title-visibility":"","ast-main-header-display":"","ast-hfb-above-header-display":"","ast-hfb-below-header-display":"","ast-hfb-mobile-header-display":"","site-post-title":"","ast-breadcrumbs-content":"","ast-featured-img":"","footer-sml-layout":"","ast-disable-related-posts":"","theme-transparent-header-meta":"default","adv-header-id-meta":"","stick-header-meta":"","header-above-stick-meta":"","header-main-stick-meta":"","header-below-stick-meta":"","astra-migrate-meta-layouts":"set","ast-page-background-enabled":"default","ast-page-background-meta":{"desktop":{"background-color":"","background-image":"","background-repeat":"repeat","background-position":"center center","background-size":"auto","background-attachment":"scroll","background-type":"","background-media":"","overlay-type":"","overlay-color":"","overlay-opacity":"","overlay-gradient":""},"tablet":{"background-color":"","background-image":"","background-repeat":"repeat","background-position":"center center","background-size":"auto","background-attachment":"scroll","background-type":"","background-media":"","overlay-type":"","overlay-color":"","overlay-opacity":"","overlay-gradient":""},"mobile":{"background-color":"","background-image":"","background-repeat":"repeat","background-position":"center center","background-size":"auto","background-attachment":"scroll","background-type":"","background-media":"","overlay-type":"","overlay-color":"","overlay-opacity":"","overlay-gradient":""}},"ast-content-background-meta":{"desktop":{"background-color":"var(--ast-global-color-5)","background-image":"","background-repeat":"repeat","background-position":"center center","background-size":"auto","background-attachment":"scroll","background-type":"","background-media":"","overlay-type":"","overlay-color":"","overlay-opacity":"","overlay-gradient":""},"tablet":{"background-color":"var(--ast-global-color-5)","background-image":"","background-repeat":"repeat","background-position":"center center","background-size":"auto","background-attachment":"scroll","background-type":"","background-media":"","overlay-type":"","overlay-color":"","overlay-opacity":"","overlay-gradient":""},"mobile":{"background-color":"var(--ast-global-color-5)","background-image":"","background-repeat":"repeat","background-position":"center center","background-size":"auto","background-attachment":"scroll","background-type":"","background-media":"","overlay-type":"","overlay-color":"","overlay-opacity":"","overlay-gradient":""}}},"product_brand":[],"product_cat":[109,113,122,124,104,105,106],"product_tag":[],"class_list":{"0":"post-15542","1":"product","2":"type-product","3":"status-publish","4":"has-post-thumbnail","6":"product_cat-bracelets","7":"product_cat-womens_jewelry","8":"product_cat-evening_glamour","9":"product_cat-our_collection","10":"product_cat-trending","11":"product_cat-modern","12":"product_cat-big_deal","13":"pa_farbe-gold","14":"desktop-align-center","15":"tablet-align-center","16":"mobile-align-center","18":"first","19":"instock","20":"taxable","21":"shipping-taxable","22":"purchasable","23":"product-type-variable"},"acf":[],"_links":{"self":[{"href":"https:\/\/aurodia.de\/en\/wp-json\/wp\/v2\/product\/15542","targetHints":{"allow":["GET"]}}],"collection":[{"href":"https:\/\/aurodia.de\/en\/wp-json\/wp\/v2\/product"}],"about":[{"href":"https:\/\/aurodia.de\/en\/wp-json\/wp\/v2\/types\/product"}],"replies":[{"embeddable":true,"href":"https:\/\/aurodia.de\/en\/wp-json\/wp\/v2\/comments?post=15542"}],"wp:featuredmedia":[{"embeddable":true,"href":"https:\/\/aurodia.de\/en\/wp-json\/wp\/v2\/media\/15543"}],"wp:attachment":[{"href":"https:\/\/aurodia.de\/en\/wp-json\/wp\/v2\/media?parent=15542"}],"wp:term":[{"taxonomy":"product_brand","embeddable":true,"href":"https:\/\/aurodia.de\/en\/wp-json\/wp\/v2\/product_brand?post=15542"},{"taxonomy":"product_cat","embeddable":true,"href":"https:\/\/aurodia.de\/en\/wp-json\/wp\/v2\/product_cat?post=15542"},{"taxonomy":"product_tag","embeddable":true,"href":"https:\/\/aurodia.de\/en\/wp-json\/wp\/v2\/product_tag?post=15542"}],"curies":[{"name":"wp","href":"https:\/\/api.w.org\/{rel}","templated":true}]}}