{"id":16057,"date":"2026-02-06T11:53:33","date_gmt":"2026-02-06T11:53:33","guid":{"rendered":"https:\/\/aurodia.de\/?post_type=product&#038;p=16057"},"modified":"2026-04-07T12:10:47","modified_gmt":"2026-04-07T12:10:47","slug":"verlobungsring","status":"publish","type":"product","link":"https:\/\/aurodia.de\/en\/product\/verlobungsring\/","title":{"rendered":"Verlobungsring"},"content":{"rendered":"<h3 data-path-to-node=\"10\"><b data-path-to-node=\"10\" data-index-in-node=\"0\">Edles Hochzeits- &amp; Verlobungsring<\/b><\/h3>\n<p data-path-to-node=\"11\">Die perfekte Wahl, um Verbundenheit mit zeitloser Eleganz zu zeigen.<\/p>\n<ul data-path-to-node=\"12\">\n<li>\n<p data-path-to-node=\"12,0,0\">Ein klassischer Solit\u00e4r-Ring mit einem pr\u00e4zise gefassten, funkelnden Glanz.<\/p>\n<\/li>\n<li>\n<p data-path-to-node=\"12,1,0\">Ein schlichter, massiver Bandring, der das Design harmonisch erg\u00e4nzt.<\/p>\n<\/li>\n<li>\n<p data-path-to-node=\"12,2,0\">Beide Ringe zeichnen sich durch eine faszinierende \u201eDiamond Dust\u201c-Textur im Zentrum aus, die von hochglanzpolierten Goldkanten eingerahmt wird.<\/p>\n<\/li>\n<\/ul>","protected":false},"excerpt":{"rendered":"<p>Edles Hochzeits- &amp; Verlobungsring Die perfekte Wahl, um Verbundenheit mit zeitloser Eleganz zu zeigen. Ein klassischer Solit\u00e4r-Ring mit einem pr\u00e4zise gefassten, funkelnden Glanz. Ein schlichter, massiver Bandring, der das Design harmonisch erg\u00e4nzt. Beide Ringe zeichnen sich durch eine faszinierende \u201eDiamond Dust\u201c-Textur im Zentrum aus, die von hochglanzpolierten Goldkanten eingerahmt wird.<\/p>","protected":false},"featured_media":12004,"comment_status":"open","ping_status":"closed","template":"","meta":{"_acf_changed":false,"_surecart_dashboard_logo_width":"180px","_surecart_dashboard_show_logo":true,"_surecart_dashboard_navigation_orders":true,"_surecart_dashboard_navigation_invoices":true,"_surecart_dashboard_navigation_subscriptions":true,"_surecart_dashboard_navigation_downloads":true,"_surecart_dashboard_navigation_billing":true,"_surecart_dashboard_navigation_account":true,"postBodyCss":"","postBodyMargin":[],"postBodyPadding":[],"postBodyBackground":{"backgroundType":"classic","gradient":""},"site-sidebar-layout":"default","site-content-layout":"","ast-site-content-layout":"default","site-content-style":"default","site-sidebar-style":"default","ast-global-header-display":"","ast-banner-title-visibility":"","ast-main-header-display":"","ast-hfb-above-header-display":"","ast-hfb-below-header-display":"","ast-hfb-mobile-header-display":"","site-post-title":"","ast-breadcrumbs-content":"","ast-featured-img":"","footer-sml-layout":"","ast-disable-related-posts":"","theme-transparent-header-meta":"default","adv-header-id-meta":"","stick-header-meta":"","header-above-stick-meta":"","header-main-stick-meta":"","header-below-stick-meta":"","astra-migrate-meta-layouts":"set","ast-page-background-enabled":"default","ast-page-background-meta":{"desktop":{"background-color":"","background-image":"","background-repeat":"repeat","background-position":"center center","background-size":"auto","background-attachment":"scroll","background-type":"","background-media":"","overlay-type":"","overlay-color":"","overlay-opacity":"","overlay-gradient":""},"tablet":{"background-color":"","background-image":"","background-repeat":"repeat","background-position":"center center","background-size":"auto","background-attachment":"scroll","background-type":"","background-media":"","overlay-type":"","overlay-color":"","overlay-opacity":"","overlay-gradient":""},"mobile":{"background-color":"","background-image":"","background-repeat":"repeat","background-position":"center center","background-size":"auto","background-attachment":"scroll","background-type":"","background-media":"","overlay-type":"","overlay-color":"","overlay-opacity":"","overlay-gradient":""}},"ast-content-background-meta":{"desktop":{"background-color":"var(--ast-global-color-5)","background-image":"","background-repeat":"repeat","background-position":"center center","background-size":"auto","background-attachment":"scroll","background-type":"","background-media":"","overlay-type":"","overlay-color":"","overlay-opacity":"","overlay-gradient":""},"tablet":{"background-color":"var(--ast-global-color-5)","background-image":"","background-repeat":"repeat","background-position":"center center","background-size":"auto","background-attachment":"scroll","background-type":"","background-media":"","overlay-type":"","overlay-color":"","overlay-opacity":"","overlay-gradient":""},"mobile":{"background-color":"var(--ast-global-color-5)","background-image":"","background-repeat":"repeat","background-position":"center center","background-size":"auto","background-attachment":"scroll","background-type":"","background-media":"","overlay-type":"","overlay-color":"","overlay-opacity":"","overlay-gradient":""}}},"product_brand":[],"product_cat":[111,113,15,119,124,103,105,106],"product_tag":[],"class_list":{"0":"post-16057","1":"product","2":"type-product","3":"status-publish","4":"has-post-thumbnail","6":"product_cat-mens_jewelry","7":"product_cat-womens_jewelry","8":"product_cat-rings","9":"product_cat-bridal_radiance","10":"product_cat-our_collection","11":"product_cat-traditional","12":"product_cat-modern","13":"product_cat-big_deal","14":"pa_farbe-gold","15":"pa_farbe-schwarz","16":"pa_groesse-132","17":"pa_groesse-98","18":"pa_groesse-133","19":"pa_groesse-99","20":"pa_groesse-134","21":"pa_groesse-100","22":"pa_groesse-135","23":"desktop-align-center","24":"tablet-align-center","25":"mobile-align-center","27":"first","28":"instock","29":"sale","30":"taxable","31":"shipping-taxable","32":"purchasable","33":"product-type-variable"},"acf":[],"_links":{"self":[{"href":"https:\/\/aurodia.de\/en\/wp-json\/wp\/v2\/product\/16057","targetHints":{"allow":["GET"]}}],"collection":[{"href":"https:\/\/aurodia.de\/en\/wp-json\/wp\/v2\/product"}],"about":[{"href":"https:\/\/aurodia.de\/en\/wp-json\/wp\/v2\/types\/product"}],"replies":[{"embeddable":true,"href":"https:\/\/aurodia.de\/en\/wp-json\/wp\/v2\/comments?post=16057"}],"wp:featuredmedia":[{"embeddable":true,"href":"https:\/\/aurodia.de\/en\/wp-json\/wp\/v2\/media\/12004"}],"wp:attachment":[{"href":"https:\/\/aurodia.de\/en\/wp-json\/wp\/v2\/media?parent=16057"}],"wp:term":[{"taxonomy":"product_brand","embeddable":true,"href":"https:\/\/aurodia.de\/en\/wp-json\/wp\/v2\/product_brand?post=16057"},{"taxonomy":"product_cat","embeddable":true,"href":"https:\/\/aurodia.de\/en\/wp-json\/wp\/v2\/product_cat?post=16057"},{"taxonomy":"product_tag","embeddable":true,"href":"https:\/\/aurodia.de\/en\/wp-json\/wp\/v2\/product_tag?post=16057"}],"curies":[{"name":"wp","href":"https:\/\/api.w.org\/{rel}","templated":true}]}}