{"id":16474,"date":"2026-02-08T10:21:40","date_gmt":"2026-02-08T10:21:40","guid":{"rendered":"https:\/\/aurodia.de\/?post_type=product&#038;p=16474"},"modified":"2026-04-07T12:07:35","modified_gmt":"2026-04-07T12:07:35","slug":"modern-minimalist","status":"publish","type":"product","link":"https:\/\/aurodia.de\/en\/product\/modern-minimalist\/","title":{"rendered":"\u201eModern Minimalist\u201c"},"content":{"rendered":"<h3 data-path-to-node=\"8\"><b data-path-to-node=\"8\" data-index-in-node=\"0\">\u201eModern Minimalist\u201c \u2013 Zeitlose Bandringe<\/b><\/h3>\n<p data-path-to-node=\"9\">Schlichtheit in ihrer edelsten Form. Dieser Ring \u00fcberzeuget durch ihre klare Linienf\u00fchrung und die makellose Oberfl\u00e4che.<\/p>\n<ul data-path-to-node=\"10\">\n<li>\n<p data-path-to-node=\"10,0,0\">Klassisch gew\u00f6lbtes (bombiertes) Profil f\u00fcr eine perfekte Passform.<\/p>\n<\/li>\n<li>\n<p data-path-to-node=\"10,1,0\">Erh\u00e4ltlich in tiefem, gl\u00e4nzendem Schwarz f\u00fcr einen modernen Statement-Look oder in anderen Farbkombination.<\/p>\n<\/li>\n<li>\n<p data-path-to-node=\"10,2,0\">Die zweifarbige Variante aus schwarzem Wolfram-Karbid mit einer zentralen, goldfarbenen Nut setzt elegante Akzente.<\/p>\n<\/li>\n<\/ul>","protected":false},"excerpt":{"rendered":"<p>\u201eModern Minimalist\u201c \u2013 Zeitlose Bandringe Schlichtheit in ihrer edelsten Form. Dieser Ring \u00fcberzeuget durch ihre klare Linienf\u00fchrung und die makellose Oberfl\u00e4che. Klassisch gew\u00f6lbtes (bombiertes) Profil f\u00fcr eine perfekte Passform. Erh\u00e4ltlich in tiefem, gl\u00e4nzendem Schwarz f\u00fcr einen modernen Statement-Look oder in anderen Farbkombination. Die zweifarbige Variante aus schwarzem Wolfram-Karbid mit einer zentralen, goldfarbenen Nut setzt elegante [&hellip;]<\/p>\n","protected":false},"featured_media":12036,"comment_status":"open","ping_status":"closed","template":"","meta":{"_acf_changed":false,"_surecart_dashboard_logo_width":"180px","_surecart_dashboard_show_logo":true,"_surecart_dashboard_navigation_orders":true,"_surecart_dashboard_navigation_invoices":true,"_surecart_dashboard_navigation_subscriptions":true,"_surecart_dashboard_navigation_downloads":true,"_surecart_dashboard_navigation_billing":true,"_surecart_dashboard_navigation_account":true,"postBodyCss":"","postBodyMargin":[],"postBodyPadding":[],"postBodyBackground":{"backgroundType":"classic","gradient":""},"site-sidebar-layout":"default","site-content-layout":"","ast-site-content-layout":"default","site-content-style":"default","site-sidebar-style":"default","ast-global-header-display":"","ast-banner-title-visibility":"","ast-main-header-display":"","ast-hfb-above-header-display":"","ast-hfb-below-header-display":"","ast-hfb-mobile-header-display":"","site-post-title":"","ast-breadcrumbs-content":"","ast-featured-img":"","footer-sml-layout":"","ast-disable-related-posts":"","theme-transparent-header-meta":"default","adv-header-id-meta":"","stick-header-meta":"","header-above-stick-meta":"","header-main-stick-meta":"","header-below-stick-meta":"","astra-migrate-meta-layouts":"set","ast-page-background-enabled":"default","ast-page-background-meta":{"desktop":{"background-color":"","background-image":"","background-repeat":"repeat","background-position":"center center","background-size":"auto","background-attachment":"scroll","background-type":"","background-media":"","overlay-type":"","overlay-color":"","overlay-opacity":"","overlay-gradient":""},"tablet":{"background-color":"","background-image":"","background-repeat":"repeat","background-position":"center center","background-size":"auto","background-attachment":"scroll","background-type":"","background-media":"","overlay-type":"","overlay-color":"","overlay-opacity":"","overlay-gradient":""},"mobile":{"background-color":"","background-image":"","background-repeat":"repeat","background-position":"center center","background-size":"auto","background-attachment":"scroll","background-type":"","background-media":"","overlay-type":"","overlay-color":"","overlay-opacity":"","overlay-gradient":""}},"ast-content-background-meta":{"desktop":{"background-color":"var(--ast-global-color-5)","background-image":"","background-repeat":"repeat","background-position":"center center","background-size":"auto","background-attachment":"scroll","background-type":"","background-media":"","overlay-type":"","overlay-color":"","overlay-opacity":"","overlay-gradient":""},"tablet":{"background-color":"var(--ast-global-color-5)","background-image":"","background-repeat":"repeat","background-position":"center center","background-size":"auto","background-attachment":"scroll","background-type":"","background-media":"","overlay-type":"","overlay-color":"","overlay-opacity":"","overlay-gradient":""},"mobile":{"background-color":"var(--ast-global-color-5)","background-image":"","background-repeat":"repeat","background-position":"center center","background-size":"auto","background-attachment":"scroll","background-type":"","background-media":"","overlay-type":"","overlay-color":"","overlay-opacity":"","overlay-gradient":""}}},"product_brand":[],"product_cat":[120,124,15,111,105,106],"product_tag":[],"class_list":{"0":"post-16474","1":"product","2":"type-product","3":"status-publish","4":"has-post-thumbnail","6":"product_cat-festive_spark","7":"product_cat-our_collection","8":"product_cat-rings","9":"product_cat-mens_jewelry","10":"product_cat-modern","11":"product_cat-big_deal","12":"pa_farbe-gold","13":"pa_farbe-schwarz","14":"pa_farbe-grau-holz","15":"pa_farbe-holz-saturn","16":"pa_farbe-holz","17":"pa_groesse-132","18":"pa_groesse-133","19":"pa_groesse-134","20":"pa_groesse-98","21":"pa_groesse-135","22":"pa_groesse-99","23":"pa_groesse-100","24":"desktop-align-center","25":"tablet-align-center","26":"mobile-align-center","28":"first","29":"instock","30":"sale","31":"taxable","32":"shipping-taxable","33":"purchasable","34":"product-type-variable"},"acf":[],"_links":{"self":[{"href":"https:\/\/aurodia.de\/en\/wp-json\/wp\/v2\/product\/16474","targetHints":{"allow":["GET"]}}],"collection":[{"href":"https:\/\/aurodia.de\/en\/wp-json\/wp\/v2\/product"}],"about":[{"href":"https:\/\/aurodia.de\/en\/wp-json\/wp\/v2\/types\/product"}],"replies":[{"embeddable":true,"href":"https:\/\/aurodia.de\/en\/wp-json\/wp\/v2\/comments?post=16474"}],"wp:featuredmedia":[{"embeddable":true,"href":"https:\/\/aurodia.de\/en\/wp-json\/wp\/v2\/media\/12036"}],"wp:attachment":[{"href":"https:\/\/aurodia.de\/en\/wp-json\/wp\/v2\/media?parent=16474"}],"wp:term":[{"taxonomy":"product_brand","embeddable":true,"href":"https:\/\/aurodia.de\/en\/wp-json\/wp\/v2\/product_brand?post=16474"},{"taxonomy":"product_cat","embeddable":true,"href":"https:\/\/aurodia.de\/en\/wp-json\/wp\/v2\/product_cat?post=16474"},{"taxonomy":"product_tag","embeddable":true,"href":"https:\/\/aurodia.de\/en\/wp-json\/wp\/v2\/product_tag?post=16474"}],"curies":[{"name":"wp","href":"https:\/\/api.w.org\/{rel}","templated":true}]}}