{"id":16520,"date":"2026-02-08T12:33:01","date_gmt":"2026-02-08T12:33:01","guid":{"rendered":"https:\/\/aurodia.de\/?post_type=product&#038;p=16520"},"modified":"2026-04-06T18:03:36","modified_gmt":"2026-04-06T18:03:36","slug":"luxurioeses-armreif","status":"publish","type":"product","link":"https:\/\/aurodia.de\/en\/product\/luxurioeses-armreif\/","title":{"rendered":"Luxuri\u00f6ses Armreif"},"content":{"rendered":"<h3 data-path-to-node=\"13\"><b data-path-to-node=\"13\" data-index-in-node=\"0\">Luxuri\u00f6ses Armreif \u201eGolden Glamour\u201c<\/b><\/h3>\n<p data-path-to-node=\"14\">Ein vielseitiges Set aus f\u00fcnf Armreifen f\u00fcr den perfekten Stacking-Look.<\/p>\n<ul data-path-to-node=\"15\">\n<li>\n<p data-path-to-node=\"15,0,0\">Das Set enth\u00e4lt verschiedene Designs wie Herz-Cut-outs, Gliederketten-Optik, Kleeblatt-Motive und Pav\u00e9-Kristallbesatz.<\/p>\n<\/li>\n<li>\n<p data-path-to-node=\"15,2,0\">Ovale Form mit sicherem Klappverschluss f\u00fcr eine optimale Passform am Handgelenk.<\/p>\n<\/li>\n<li><strong>Hinweis<\/strong>: Der angegebene Preis ist pro Armband<\/li>\n<\/ul>","protected":false},"excerpt":{"rendered":"<p>Luxuri\u00f6ses Armreif \u201eGolden Glamour\u201c Ein vielseitiges Set aus f\u00fcnf Armreifen f\u00fcr den perfekten Stacking-Look. Das Set enth\u00e4lt verschiedene Designs wie Herz-Cut-outs, Gliederketten-Optik, Kleeblatt-Motive und Pav\u00e9-Kristallbesatz. Ovale Form mit sicherem Klappverschluss f\u00fcr eine optimale Passform am Handgelenk. Hinweis: Der angegebene Preis ist pro Armband<\/p>","protected":false},"featured_media":12080,"comment_status":"open","ping_status":"closed","template":"","meta":{"_acf_changed":false,"_surecart_dashboard_logo_width":"180px","_surecart_dashboard_show_logo":true,"_surecart_dashboard_navigation_orders":true,"_surecart_dashboard_navigation_invoices":true,"_surecart_dashboard_navigation_subscriptions":true,"_surecart_dashboard_navigation_downloads":true,"_surecart_dashboard_navigation_billing":true,"_surecart_dashboard_navigation_account":true,"postBodyCss":"","postBodyMargin":[],"postBodyPadding":[],"postBodyBackground":{"backgroundType":"classic","gradient":""},"site-sidebar-layout":"default","site-content-layout":"","ast-site-content-layout":"default","site-content-style":"default","site-sidebar-style":"default","ast-global-header-display":"","ast-banner-title-visibility":"","ast-main-header-display":"","ast-hfb-above-header-display":"","ast-hfb-below-header-display":"","ast-hfb-mobile-header-display":"","site-post-title":"","ast-breadcrumbs-content":"","ast-featured-img":"","footer-sml-layout":"","ast-disable-related-posts":"","theme-transparent-header-meta":"default","adv-header-id-meta":"","stick-header-meta":"","header-above-stick-meta":"","header-main-stick-meta":"","header-below-stick-meta":"","astra-migrate-meta-layouts":"set","ast-page-background-enabled":"default","ast-page-background-meta":{"desktop":{"background-color":"","background-image":"","background-repeat":"repeat","background-position":"center center","background-size":"auto","background-attachment":"scroll","background-type":"","background-media":"","overlay-type":"","overlay-color":"","overlay-opacity":"","overlay-gradient":""},"tablet":{"background-color":"","background-image":"","background-repeat":"repeat","background-position":"center center","background-size":"auto","background-attachment":"scroll","background-type":"","background-media":"","overlay-type":"","overlay-color":"","overlay-opacity":"","overlay-gradient":""},"mobile":{"background-color":"","background-image":"","background-repeat":"repeat","background-position":"center center","background-size":"auto","background-attachment":"scroll","background-type":"","background-media":"","overlay-type":"","overlay-color":"","overlay-opacity":"","overlay-gradient":""}},"ast-content-background-meta":{"desktop":{"background-color":"var(--ast-global-color-5)","background-image":"","background-repeat":"repeat","background-position":"center center","background-size":"auto","background-attachment":"scroll","background-type":"","background-media":"","overlay-type":"","overlay-color":"","overlay-opacity":"","overlay-gradient":""},"tablet":{"background-color":"var(--ast-global-color-5)","background-image":"","background-repeat":"repeat","background-position":"center center","background-size":"auto","background-attachment":"scroll","background-type":"","background-media":"","overlay-type":"","overlay-color":"","overlay-opacity":"","overlay-gradient":""},"mobile":{"background-color":"var(--ast-global-color-5)","background-image":"","background-repeat":"repeat","background-position":"center center","background-size":"auto","background-attachment":"scroll","background-type":"","background-media":"","overlay-type":"","overlay-color":"","overlay-opacity":"","overlay-gradient":""}}},"product_brand":[],"product_cat":[109,113,120,122,123,106],"product_tag":[],"class_list":{"0":"post-16520","1":"product","2":"type-product","3":"status-publish","4":"has-post-thumbnail","6":"product_cat-bracelets","7":"product_cat-womens_jewelry","8":"product_cat-festive_spark","9":"product_cat-evening_glamour","10":"product_cat-everyday_chic","11":"product_cat-big_deal","12":"desktop-align-center","13":"tablet-align-center","14":"mobile-align-center","16":"first","17":"instock","18":"sale","19":"taxable","20":"shipping-taxable","21":"purchasable","22":"product-type-simple"},"acf":[],"_links":{"self":[{"href":"https:\/\/aurodia.de\/en\/wp-json\/wp\/v2\/product\/16520","targetHints":{"allow":["GET"]}}],"collection":[{"href":"https:\/\/aurodia.de\/en\/wp-json\/wp\/v2\/product"}],"about":[{"href":"https:\/\/aurodia.de\/en\/wp-json\/wp\/v2\/types\/product"}],"replies":[{"embeddable":true,"href":"https:\/\/aurodia.de\/en\/wp-json\/wp\/v2\/comments?post=16520"}],"wp:featuredmedia":[{"embeddable":true,"href":"https:\/\/aurodia.de\/en\/wp-json\/wp\/v2\/media\/12080"}],"wp:attachment":[{"href":"https:\/\/aurodia.de\/en\/wp-json\/wp\/v2\/media?parent=16520"}],"wp:term":[{"taxonomy":"product_brand","embeddable":true,"href":"https:\/\/aurodia.de\/en\/wp-json\/wp\/v2\/product_brand?post=16520"},{"taxonomy":"product_cat","embeddable":true,"href":"https:\/\/aurodia.de\/en\/wp-json\/wp\/v2\/product_cat?post=16520"},{"taxonomy":"product_tag","embeddable":true,"href":"https:\/\/aurodia.de\/en\/wp-json\/wp\/v2\/product_tag?post=16520"}],"curies":[{"name":"wp","href":"https:\/\/api.w.org\/{rel}","templated":true}]}}